{"id":9,"date":"2022-03-04T15:13:22","date_gmt":"2022-03-04T15:13:22","guid":{"rendered":"https:\/\/corfusa.es\/?page_id=9"},"modified":"2022-12-28T15:05:15","modified_gmt":"2022-12-28T15:05:15","slug":"que-hacemos","status":"publish","type":"page","link":"https:\/\/www.corfusa.es\/index.php\/que-hacemos\/","title":{"rendered":"Que hacemos"},"content":{"rendered":"\n<div class=\"wp-block-cover has-custom-content-position is-position-top-center\" style=\"min-height:139px\"><span aria-hidden=\"true\" class=\"has-nv-site-bg-background-color has-background-dim-100 wp-block-cover__gradient-background has-background-dim\"><\/span><div class=\"wp-block-cover__inner-container\">\n<div class=\"wp-container-1 wp-block-group\"><div class=\"wp-block-group__inner-container\">\n<h1 class=\"has-text-align-center has-text-align-left has-neve-text-color-color has-text-color\">Que hacemos <\/h1>\n<\/div><\/div>\n<\/div><\/div>\n\n\n\n<div class=\"wp-container-2 wp-block-buttons\">\n<div class=\"wp-block-button\"><a class=\"wp-block-button__link\" href=\"https:\/\/www.corfusa.es\/index.php\/trabajos-realizados\/\">Im\u00e1genes de trabajos<\/a><\/div>\n<\/div>\n\n\n\n<div class=\"wp-block-cover alignfull\" style=\"min-height:600px\"><span aria-hidden=\"true\" class=\"has-nv-light-bg-background-color has-background-dim-100 wp-block-cover__gradient-background has-background-dim\"><\/span><div class=\"wp-block-cover__inner-container\">\n<div class=\"wp-container-5 wp-block-group\"><div class=\"wp-block-group__inner-container\">\n<div style=\"height:80px\" aria-hidden=\"true\" class=\"wp-block-spacer\"><\/div>\n\n\n\n<div class=\"wp-block-columns are-vertically-aligned-center\">\n<div class=\"wp-block-column is-vertically-aligned-center\" style=\"flex-basis:50%\">\n<figure class=\"wp-block-gallery has-nested-images columns-default is-cropped\">\n<figure class=\"wp-block-image size-large\"><a href=\"https:\/\/www.corfusa.es\/index.php\/llave-en-mano\/\"><img loading=\"lazy\" width=\"2375\" height=\"2375\" src=\"http:\/\/www.corfusa.es\/wp-content\/uploads\/2022\/03\/pexels-pixabay-416405-1.jpg\" alt=\"\" class=\"wp-image-117\" srcset=\"https:\/\/www.corfusa.es\/wp-content\/uploads\/2022\/03\/pexels-pixabay-416405-1.jpg 2375w, https:\/\/www.corfusa.es\/wp-content\/uploads\/2022\/03\/pexels-pixabay-416405-1-300x300.jpg 300w, https:\/\/www.corfusa.es\/wp-content\/uploads\/2022\/03\/pexels-pixabay-416405-1-1024x1024.jpg 1024w, https:\/\/www.corfusa.es\/wp-content\/uploads\/2022\/03\/pexels-pixabay-416405-1-150x150.jpg 150w, https:\/\/www.corfusa.es\/wp-content\/uploads\/2022\/03\/pexels-pixabay-416405-1-768x768.jpg 768w, https:\/\/www.corfusa.es\/wp-content\/uploads\/2022\/03\/pexels-pixabay-416405-1-1536x1536.jpg 1536w, https:\/\/www.corfusa.es\/wp-content\/uploads\/2022\/03\/pexels-pixabay-416405-1-2048x2048.jpg 2048w\" sizes=\"(max-width: 2375px) 100vw, 2375px\" \/><\/a><\/figure>\n<\/figure>\n\n\n\n<h3 class=\"has-text-align-center has-neve-text-color-color has-text-color\">Llave en mano<\/h3>\n\n\n\n<p class=\"has-text-align-center has-neve-text-color-color has-text-color\">Solo existe un agente que se encarga tanto de dise\u00f1o, direcci\u00f3n y ejecuci\u00f3n para facilidad del cliente.<\/p>\n\n\n\n<div class=\"wp-container-3 wp-block-buttons\">\n<div class=\"wp-block-button is-style-primary\"><a class=\"wp-block-button__link\" href=\"https:\/\/www.corfusa.es\/index.php\/llave-en-mano\/\">DETALLES<\/a><\/div>\n<\/div>\n\n\n\n<div style=\"height:40px\" aria-hidden=\"true\" class=\"wp-block-spacer\"><\/div>\n<\/div>\n\n\n\n<div class=\"wp-block-column is-vertically-aligned-center\" style=\"flex-basis:50%\">\n<figure class=\"wp-block-gallery has-nested-images columns-default is-cropped\">\n<figure class=\"wp-block-image size-large\"><a href=\"https:\/\/www.corfusa.es\/index.php\/ejecucion-de-obra\/\"><img loading=\"lazy\" width=\"2536\" height=\"2536\" src=\"http:\/\/www.corfusa.es\/wp-content\/uploads\/2022\/03\/1.jpg\" alt=\"\" class=\"wp-image-116\" srcset=\"https:\/\/www.corfusa.es\/wp-content\/uploads\/2022\/03\/1.jpg 2536w, https:\/\/www.corfusa.es\/wp-content\/uploads\/2022\/03\/1-300x300.jpg 300w, https:\/\/www.corfusa.es\/wp-content\/uploads\/2022\/03\/1-1024x1024.jpg 1024w, https:\/\/www.corfusa.es\/wp-content\/uploads\/2022\/03\/1-150x150.jpg 150w, https:\/\/www.corfusa.es\/wp-content\/uploads\/2022\/03\/1-768x768.jpg 768w, https:\/\/www.corfusa.es\/wp-content\/uploads\/2022\/03\/1-1536x1536.jpg 1536w, https:\/\/www.corfusa.es\/wp-content\/uploads\/2022\/03\/1-2048x2048.jpg 2048w\" sizes=\"(max-width: 2536px) 100vw, 2536px\" \/><\/a><\/figure>\n<\/figure>\n\n\n\n<h3 class=\"has-text-align-center has-neve-text-color-color has-text-color\">Ejecuci\u00f3n de obra<\/h3>\n\n\n\n<p class=\"has-text-align-center has-neve-text-color-color has-text-color\">Ejecuci\u00f3n de obra residencial e industrial bajo dise\u00f1o, direcci\u00f3n  y supervisi\u00f3n de la Direcci\u00f3n Facultativa.<\/p>\n\n\n\n<div class=\"wp-container-4 wp-block-buttons\">\n<div class=\"wp-block-button is-style-primary\"><a class=\"wp-block-button__link\" href=\"https:\/\/www.corfusa.es\/index.php\/ejecucion-de-obra\/\">DETALLES<\/a><\/div>\n<\/div>\n\n\n\n<div style=\"height:40px\" aria-hidden=\"true\" class=\"wp-block-spacer\"><\/div>\n<\/div>\n<\/div>\n\n\n\n<div style=\"height:40px\" aria-hidden=\"true\" class=\"wp-block-spacer\"><\/div>\n<\/div><\/div>\n<\/div><\/div>\n\n\n\n<div class=\"wp-block-cover alignfull\" style=\"min-height:600px\"><span aria-hidden=\"true\" class=\"has-nv-site-bg-background-color has-background-dim-100 wp-block-cover__gradient-background has-background-dim\"><\/span><div class=\"wp-block-cover__inner-container\">\n<div class=\"wp-container-9 wp-block-group\"><div class=\"wp-block-group__inner-container\">\n<div style=\"height:80px\" aria-hidden=\"true\" class=\"wp-block-spacer\"><\/div>\n\n\n\n<div class=\"wp-block-columns are-vertically-aligned-center\">\n<div class=\"wp-block-column is-vertically-aligned-center\" style=\"flex-basis:50%\">\n<figure class=\"wp-block-gallery has-nested-images columns-default is-cropped\">\n<figure class=\"wp-block-image size-large\"><a href=\"https:\/\/www.corfusa.es\/index.php\/reformas-integrales\/\"><img loading=\"lazy\" width=\"1763\" height=\"1763\" src=\"http:\/\/www.corfusa.es\/wp-content\/uploads\/2022\/03\/pexels-maria-orlova-4947007.jpg\" alt=\"\" class=\"wp-image-118\" srcset=\"https:\/\/www.corfusa.es\/wp-content\/uploads\/2022\/03\/pexels-maria-orlova-4947007.jpg 1763w, https:\/\/www.corfusa.es\/wp-content\/uploads\/2022\/03\/pexels-maria-orlova-4947007-300x300.jpg 300w, https:\/\/www.corfusa.es\/wp-content\/uploads\/2022\/03\/pexels-maria-orlova-4947007-1024x1024.jpg 1024w, https:\/\/www.corfusa.es\/wp-content\/uploads\/2022\/03\/pexels-maria-orlova-4947007-150x150.jpg 150w, https:\/\/www.corfusa.es\/wp-content\/uploads\/2022\/03\/pexels-maria-orlova-4947007-768x768.jpg 768w, https:\/\/www.corfusa.es\/wp-content\/uploads\/2022\/03\/pexels-maria-orlova-4947007-1536x1536.jpg 1536w\" sizes=\"(max-width: 1763px) 100vw, 1763px\" \/><\/a><\/figure>\n<\/figure>\n\n\n\n<h3 class=\"has-text-align-center has-neve-text-color-color has-text-color\">Reformas integrales<\/h3>\n\n\n\n<p class=\"has-text-align-center has-neve-text-color-color has-text-color\">Reforma integral tanto de locales comerciales como de viviendas aisladas y pisos.<\/p>\n\n\n\n<div class=\"wp-container-6 wp-block-buttons\">\n<div class=\"wp-block-button is-style-primary\"><a class=\"wp-block-button__link\" href=\"https:\/\/www.corfusa.es\/index.php\/reformas-integrales\/\">DETALLES<\/a><\/div>\n<\/div>\n\n\n\n<div style=\"height:40px\" aria-hidden=\"true\" class=\"wp-block-spacer\"><\/div>\n<\/div>\n\n\n\n<div class=\"wp-block-column is-vertically-aligned-center\" style=\"flex-basis:50%\">\n<figure class=\"wp-block-gallery has-nested-images columns-default is-cropped\">\n<figure class=\"wp-block-image size-large\"><a href=\"https:\/\/www.corfusa.es\/index.php\/mobiliario-urbano\/\"><img loading=\"lazy\" width=\"2359\" height=\"2359\" src=\"http:\/\/www.corfusa.es\/wp-content\/uploads\/2022\/03\/pexels-miguel-a-padrinan-317262-1.jpg\" alt=\"\" class=\"wp-image-120\" srcset=\"https:\/\/www.corfusa.es\/wp-content\/uploads\/2022\/03\/pexels-miguel-a-padrinan-317262-1.jpg 2359w, https:\/\/www.corfusa.es\/wp-content\/uploads\/2022\/03\/pexels-miguel-a-padrinan-317262-1-300x300.jpg 300w, https:\/\/www.corfusa.es\/wp-content\/uploads\/2022\/03\/pexels-miguel-a-padrinan-317262-1-1024x1024.jpg 1024w, https:\/\/www.corfusa.es\/wp-content\/uploads\/2022\/03\/pexels-miguel-a-padrinan-317262-1-150x150.jpg 150w, https:\/\/www.corfusa.es\/wp-content\/uploads\/2022\/03\/pexels-miguel-a-padrinan-317262-1-768x768.jpg 768w, https:\/\/www.corfusa.es\/wp-content\/uploads\/2022\/03\/pexels-miguel-a-padrinan-317262-1-1536x1536.jpg 1536w, https:\/\/www.corfusa.es\/wp-content\/uploads\/2022\/03\/pexels-miguel-a-padrinan-317262-1-2048x2048.jpg 2048w\" sizes=\"(max-width: 2359px) 100vw, 2359px\" \/><\/a><\/figure>\n<\/figure>\n\n\n\n<h3 class=\"has-text-align-center has-neve-text-color-color has-text-color\">Mobiliario urbano<\/h3>\n\n\n\n<p class=\"has-text-align-center has-neve-text-color-color has-text-color\">Redistribuci\u00f3n y dise\u00f1o de mobiliario urbano en espacios p\u00fablicos, se\u00f1alizaci\u00f3n, seguridad vial&#8230;<\/p>\n\n\n\n<div class=\"wp-container-7 wp-block-buttons\">\n<div class=\"wp-block-button is-style-primary\"><a class=\"wp-block-button__link\" href=\"https:\/\/www.corfusa.es\/index.php\/mobiliario-urbano\/\">DETALLES<\/a><\/div>\n<\/div>\n\n\n\n<div style=\"height:40px\" aria-hidden=\"true\" class=\"wp-block-spacer\"><\/div>\n<\/div>\n<\/div>\n\n\n\n<div class=\"wp-block-cover alignfull\" style=\"min-height:903px\"><span aria-hidden=\"true\" class=\"has-nv-dark-bg-background-color has-background-dim-100 wp-block-cover__gradient-background has-background-dim\"><\/span><div class=\"wp-block-cover__inner-container\">\n<h2 class=\"has-text-align-left has-nv-text-dark-bg-color has-text-color\">Funciones que llevamos a cabo en obra&#8230;<\/h2>\n\n\n\n<div class=\"wp-block-columns\">\n<div class=\"wp-block-column\" style=\"flex-basis:100%\">\n<p>\u00b7 <strong><mark style=\"background-color:rgba(0, 0, 0, 0)\" class=\"has-inline-color has-nv-c-2-color\">CONTROL Y SUPERVISI\u00d3N <\/mark><\/strong>de la ejecuci\u00f3n de la obra.<\/p>\n\n\n\n<p>\u00b7 <strong><mark style=\"background-color:rgba(0, 0, 0, 0)\" class=\"has-inline-color has-nv-c-2-color\">PLANIFICACION Y ORGANIZACI\u00d3N<\/mark><\/strong> de los procesos y la mec\u00e1nica de los diferentes trabajos en obra.<\/p>\n\n\n\n<p>\u00b7 <strong><mark style=\"background-color:rgba(0, 0, 0, 0)\" class=\"has-inline-color has-nv-c-2-color\">CUMPLIMIENTO DE LA PLANIFICACI\u00d3N <\/mark><\/strong>facilitada al inicio de la obra.<\/p>\n\n\n\n<p>\u00b7 <strong><mark style=\"background-color:rgba(0, 0, 0, 0)\" class=\"has-inline-color has-nv-c-2-color\">INTERPRETACI\u00d3N <\/mark><\/strong>de planos y <strong><mark style=\"background-color:rgba(0, 0, 0, 0)\" class=\"has-inline-color has-nv-c-2-color\">REPLANTEO <\/mark><\/strong>de las diferentes unidades de obra.<\/p>\n\n\n\n<p>\u00b7 <strong><mark style=\"background-color:rgba(0, 0, 0, 0)\" class=\"has-inline-color has-nv-c-2-color\">COORDINACI\u00d3N DE LOS DIFERENTES SUBCONTRATISTAS <\/mark><\/strong>que sean necesarios para la ejecuci\u00f3n del proyecto.<\/p>\n\n\n\n<p>\u00b7 <strong><mark style=\"background-color:rgba(0, 0, 0, 0)\" class=\"has-inline-color has-nv-c-2-color\">CONTROL DE LOS GRUPOS DE TRABAJO <\/mark><\/strong>que forman parte de la obra y la llevan a cabo, mediante la asignaci\u00f3n de tareas.<\/p>\n\n\n\n<p>\u00b7 <strong><mark style=\"background-color:rgba(0, 0, 0, 0)\" class=\"has-inline-color has-nv-c-2-color\">PROPUESTA <\/mark><\/strong>de procedimientos, materiales y tecnicas de ejecuci\u00f3n, en caso de ser necesarias.<\/p>\n\n\n\n<p>\u00b7 <strong><mark style=\"background-color:rgba(0, 0, 0, 0)\" class=\"has-inline-color has-nv-c-2-color\">ASESORAMIENTO T\u00c9CNICO <\/mark><\/strong>a los trabajadores que llevan a cabo cualquier unidad de obra.<\/p>\n\n\n\n<p>\u00b7 <strong><mark style=\"background-color:rgba(0, 0, 0, 0)\" class=\"has-inline-color has-nv-c-2-color\">RECEPCI\u00d3N Y ORGANIZACI\u00d3N <\/mark><\/strong>en obra de materiales, zonas de acopio, talleres, maquinaria&#8230;<\/p>\n\n\n\n<p>\u00b7 <strong><mark style=\"background-color:rgba(0, 0, 0, 0)\" class=\"has-inline-color has-nv-c-2-color\">CONTROL <\/mark><\/strong>del cumplimiento del <strong><mark style=\"background-color:rgba(0, 0, 0, 0)\" class=\"has-inline-color has-nv-c-2-color\">PLAN DE SEGURIDAD Y SALUD<\/mark><\/strong> y de las normas de <strong><mark style=\"background-color:rgba(0, 0, 0, 0)\" class=\"has-inline-color has-nv-c-2-color\">PREVENCI\u00d3N DE RIESGOS LABORALES.<\/mark><\/strong><\/p>\n\n\n\n<p>\u00b7 <strong><mark style=\"background-color:rgba(0, 0, 0, 0)\" class=\"has-inline-color has-nv-c-2-color\">SUPERVISI\u00d3N Y VERIFICACI\u00d3N <\/mark><\/strong>de los procesos y resultados de los trabajos.<\/p>\n\n\n\n<p>\u00b7 <strong><mark style=\"background-color:rgba(0, 0, 0, 0)\" class=\"has-inline-color has-nv-c-2-color\">CONTROL DE CALIDAD <\/mark><\/strong>de las partidas de obra ejecutadas.<\/p>\n\n\n\n<p>\u00b7 Asunci\u00f3n de relaci\u00f3n t\u00e9cnica con la <strong><mark style=\"background-color:rgba(0, 0, 0, 0)\" class=\"has-inline-color has-nv-c-2-color\"> DIRECCI\u00d3N FACULTATIVA <\/mark><\/strong>y direcci\u00f3n de obra.<\/p>\n\n\n\n<p>\u00b7 <strong><mark style=\"background-color:rgba(0, 0, 0, 0)\" class=\"has-inline-color has-nv-c-2-color\">CERTIFICACIONES <\/mark><\/strong>de obra tanto inicial, mensuales y final, con la aceptaci\u00f3n de la Direcci\u00f3n Facultativa.<\/p>\n<\/div>\n<\/div>\n\n\n\n<div style=\"height:27px\" aria-hidden=\"true\" class=\"wp-block-spacer\"><\/div>\n\n\n\n<div class=\"wp-container-8 wp-block-buttons\">\n<div class=\"wp-block-button is-style-primary\"><a class=\"wp-block-button__link\" href=\"https:\/\/www.corfusa.es\/index.php\/contacto\/\">PIDA INFORMACI\u00d3N<\/a><\/div>\n<\/div>\n<\/div><\/div>\n<\/div><\/div>\n<\/div><\/div>\n\n\n\n<div class=\"wp-block-cover alignfull\" style=\"min-height:300px\"><span aria-hidden=\"true\" class=\"has-nv-dark-bg-background-color has-background-dim-100 wp-block-cover__gradient-background has-background-dim\"><\/span><div class=\"wp-block-cover__inner-container\">\n<div style=\"height:80px\" aria-hidden=\"true\" class=\"wp-block-spacer\"><\/div>\n\n\n\n<div class=\"wp-block-image is-style-rounded\"><figure class=\"aligncenter size-large\"><img loading=\"lazy\" width=\"198\" height=\"217\" src=\"https:\/\/www.corfusa.es\/wp-content\/uploads\/2022\/03\/GAUDI-1.jpg\" alt=\"\" class=\"wp-image-62\"\/><\/figure><\/div>\n\n\n\n<p class=\"has-text-align-center has-nv-text-dark-bg-color has-text-color\">\u201cLa originalidad consiste en el retorno al origen; as\u00ed pues, original es aquello que vuelve a la simplicidad de las primeras soluciones\u201d<\/p>\n\n\n\n<p class=\"has-text-align-center has-nv-text-dark-bg-color has-text-color\" style=\"font-size:14px\">ANTONIO GAUD\u00cd<\/p>\n\n\n\n<div style=\"height:80px\" aria-hidden=\"true\" class=\"wp-block-spacer\"><\/div>\n<\/div><\/div>\n","protected":false},"excerpt":{"rendered":"","protected":false},"author":1,"featured_media":0,"parent":0,"menu_order":0,"comment_status":"closed","ping_status":"closed","template":"","meta":{"neve_meta_sidebar":"","neve_meta_container":"","neve_meta_enable_content_width":"on","neve_meta_content_width":100,"neve_meta_title_alignment":"","neve_meta_author_avatar":"","neve_post_elements_order":"","neve_meta_disable_header":"","neve_meta_disable_footer":"","neve_meta_disable_title":"on"},"yoast_head":"<!-- This site is optimized with the Yoast SEO plugin v19.13 - https:\/\/yoast.com\/wordpress\/plugins\/seo\/ -->\n<title>Que hacemos - Corfusa Ingenier\u00eda y Obras<\/title>\n<meta name=\"robots\" content=\"index, follow, max-snippet:-1, max-image-preview:large, max-video-preview:-1\" \/>\n<link rel=\"canonical\" href=\"https:\/\/www.corfusa.es\/index.php\/que-hacemos\/\" \/>\n<meta property=\"og:locale\" content=\"es_ES\" \/>\n<meta property=\"og:type\" content=\"article\" \/>\n<meta property=\"og:title\" content=\"Que hacemos - Corfusa Ingenier\u00eda y Obras\" \/>\n<meta property=\"og:url\" content=\"https:\/\/www.corfusa.es\/index.php\/que-hacemos\/\" \/>\n<meta property=\"og:site_name\" content=\"Corfusa Ingenier\u00eda y Obras\" \/>\n<meta property=\"article:modified_time\" content=\"2022-12-28T15:05:15+00:00\" \/>\n<meta property=\"og:image\" content=\"http:\/\/www.corfusa.es\/wp-content\/uploads\/2022\/03\/pexels-pixabay-416405-1.jpg\" \/>\n<meta name=\"twitter:card\" content=\"summary_large_image\" \/>\n<meta name=\"twitter:label1\" content=\"Tiempo de lectura\" \/>\n\t<meta name=\"twitter:data1\" content=\"3 minutos\" \/>\n<script type=\"application\/ld+json\" class=\"yoast-schema-graph\">{\"@context\":\"https:\/\/schema.org\",\"@graph\":[{\"@type\":\"WebPage\",\"@id\":\"https:\/\/www.corfusa.es\/index.php\/que-hacemos\/\",\"url\":\"https:\/\/www.corfusa.es\/index.php\/que-hacemos\/\",\"name\":\"Que hacemos - Corfusa Ingenier\u00eda y Obras\",\"isPartOf\":{\"@id\":\"https:\/\/www.corfusa.es\/#website\"},\"datePublished\":\"2022-03-04T15:13:22+00:00\",\"dateModified\":\"2022-12-28T15:05:15+00:00\",\"breadcrumb\":{\"@id\":\"https:\/\/www.corfusa.es\/index.php\/que-hacemos\/#breadcrumb\"},\"inLanguage\":\"es\",\"potentialAction\":[{\"@type\":\"ReadAction\",\"target\":[\"https:\/\/www.corfusa.es\/index.php\/que-hacemos\/\"]}]},{\"@type\":\"BreadcrumbList\",\"@id\":\"https:\/\/www.corfusa.es\/index.php\/que-hacemos\/#breadcrumb\",\"itemListElement\":[{\"@type\":\"ListItem\",\"position\":1,\"name\":\"Portada\",\"item\":\"https:\/\/www.corfusa.es\/\"},{\"@type\":\"ListItem\",\"position\":2,\"name\":\"Que hacemos\"}]},{\"@type\":\"WebSite\",\"@id\":\"https:\/\/www.corfusa.es\/#website\",\"url\":\"https:\/\/www.corfusa.es\/\",\"name\":\"Corfusa Ingenier\u00eda y Obras\",\"description\":\"\",\"publisher\":{\"@id\":\"https:\/\/www.corfusa.es\/#organization\"},\"potentialAction\":[{\"@type\":\"SearchAction\",\"target\":{\"@type\":\"EntryPoint\",\"urlTemplate\":\"https:\/\/www.corfusa.es\/?s={search_term_string}\"},\"query-input\":\"required name=search_term_string\"}],\"inLanguage\":\"es\"},{\"@type\":\"Organization\",\"@id\":\"https:\/\/www.corfusa.es\/#organization\",\"name\":\"Corfusa Ingenier\u00eda y Obras\",\"url\":\"https:\/\/www.corfusa.es\/\",\"logo\":{\"@type\":\"ImageObject\",\"inLanguage\":\"es\",\"@id\":\"https:\/\/www.corfusa.es\/#\/schema\/logo\/image\/\",\"url\":\"https:\/\/www.corfusa.es\/wp-content\/uploads\/2022\/04\/Captura.jpg\",\"contentUrl\":\"https:\/\/www.corfusa.es\/wp-content\/uploads\/2022\/04\/Captura.jpg\",\"width\":647,\"height\":593,\"caption\":\"Corfusa Ingenier\u00eda y Obras\"},\"image\":{\"@id\":\"https:\/\/www.corfusa.es\/#\/schema\/logo\/image\/\"}}]}<\/script>\n<!-- \/ Yoast SEO plugin. -->","yoast_head_json":{"title":"Que hacemos - Corfusa Ingenier\u00eda y Obras","robots":{"index":"index","follow":"follow","max-snippet":"max-snippet:-1","max-image-preview":"max-image-preview:large","max-video-preview":"max-video-preview:-1"},"canonical":"https:\/\/www.corfusa.es\/index.php\/que-hacemos\/","og_locale":"es_ES","og_type":"article","og_title":"Que hacemos - Corfusa Ingenier\u00eda y Obras","og_url":"https:\/\/www.corfusa.es\/index.php\/que-hacemos\/","og_site_name":"Corfusa Ingenier\u00eda y Obras","article_modified_time":"2022-12-28T15:05:15+00:00","og_image":[{"url":"http:\/\/www.corfusa.es\/wp-content\/uploads\/2022\/03\/pexels-pixabay-416405-1.jpg"}],"twitter_card":"summary_large_image","twitter_misc":{"Tiempo de lectura":"3 minutos"},"schema":{"@context":"https:\/\/schema.org","@graph":[{"@type":"WebPage","@id":"https:\/\/www.corfusa.es\/index.php\/que-hacemos\/","url":"https:\/\/www.corfusa.es\/index.php\/que-hacemos\/","name":"Que hacemos - Corfusa Ingenier\u00eda y Obras","isPartOf":{"@id":"https:\/\/www.corfusa.es\/#website"},"datePublished":"2022-03-04T15:13:22+00:00","dateModified":"2022-12-28T15:05:15+00:00","breadcrumb":{"@id":"https:\/\/www.corfusa.es\/index.php\/que-hacemos\/#breadcrumb"},"inLanguage":"es","potentialAction":[{"@type":"ReadAction","target":["https:\/\/www.corfusa.es\/index.php\/que-hacemos\/"]}]},{"@type":"BreadcrumbList","@id":"https:\/\/www.corfusa.es\/index.php\/que-hacemos\/#breadcrumb","itemListElement":[{"@type":"ListItem","position":1,"name":"Portada","item":"https:\/\/www.corfusa.es\/"},{"@type":"ListItem","position":2,"name":"Que hacemos"}]},{"@type":"WebSite","@id":"https:\/\/www.corfusa.es\/#website","url":"https:\/\/www.corfusa.es\/","name":"Corfusa Ingenier\u00eda y Obras","description":"","publisher":{"@id":"https:\/\/www.corfusa.es\/#organization"},"potentialAction":[{"@type":"SearchAction","target":{"@type":"EntryPoint","urlTemplate":"https:\/\/www.corfusa.es\/?s={search_term_string}"},"query-input":"required name=search_term_string"}],"inLanguage":"es"},{"@type":"Organization","@id":"https:\/\/www.corfusa.es\/#organization","name":"Corfusa Ingenier\u00eda y Obras","url":"https:\/\/www.corfusa.es\/","logo":{"@type":"ImageObject","inLanguage":"es","@id":"https:\/\/www.corfusa.es\/#\/schema\/logo\/image\/","url":"https:\/\/www.corfusa.es\/wp-content\/uploads\/2022\/04\/Captura.jpg","contentUrl":"https:\/\/www.corfusa.es\/wp-content\/uploads\/2022\/04\/Captura.jpg","width":647,"height":593,"caption":"Corfusa Ingenier\u00eda y Obras"},"image":{"@id":"https:\/\/www.corfusa.es\/#\/schema\/logo\/image\/"}}]}},"_links":{"self":[{"href":"https:\/\/www.corfusa.es\/index.php\/wp-json\/wp\/v2\/pages\/9"}],"collection":[{"href":"https:\/\/www.corfusa.es\/index.php\/wp-json\/wp\/v2\/pages"}],"about":[{"href":"https:\/\/www.corfusa.es\/index.php\/wp-json\/wp\/v2\/types\/page"}],"author":[{"embeddable":true,"href":"https:\/\/www.corfusa.es\/index.php\/wp-json\/wp\/v2\/users\/1"}],"replies":[{"embeddable":true,"href":"https:\/\/www.corfusa.es\/index.php\/wp-json\/wp\/v2\/comments?post=9"}],"version-history":[{"count":27,"href":"https:\/\/www.corfusa.es\/index.php\/wp-json\/wp\/v2\/pages\/9\/revisions"}],"predecessor-version":[{"id":363,"href":"https:\/\/www.corfusa.es\/index.php\/wp-json\/wp\/v2\/pages\/9\/revisions\/363"}],"wp:attachment":[{"href":"https:\/\/www.corfusa.es\/index.php\/wp-json\/wp\/v2\/media?parent=9"}],"curies":[{"name":"wp","href":"https:\/\/api.w.org\/{rel}","templated":true}]}}