{"id":7,"date":"2022-03-04T15:13:22","date_gmt":"2022-03-04T15:13:22","guid":{"rendered":"https:\/\/corfusa.es\/?page_id=7"},"modified":"2022-06-16T17:41:32","modified_gmt":"2022-06-16T17:41:32","slug":"quienes-somos","status":"publish","type":"page","link":"https:\/\/www.corfusa.es\/index.php\/quienes-somos\/","title":{"rendered":"Quienes somos"},"content":{"rendered":"\n<div class=\"wp-block-cover alignfull\" style=\"min-height:67px\"><span aria-hidden=\"true\" class=\"has-nv-site-bg-background-color has-background-dim-100 wp-block-cover__gradient-background has-background-dim\"><\/span><div class=\"wp-block-cover__inner-container\">\n<div class=\"wp-container-1 wp-block-group\"><div class=\"wp-block-group__inner-container\">\n<h1 class=\"has-text-align-right has-text-align-left has-neve-text-color-color has-text-color\">Quienes somos<\/h1>\n<\/div><\/div>\n<\/div><\/div>\n\n\n\n<div class=\"wp-block-cover alignfull\" style=\"min-height:600px\"><span aria-hidden=\"true\" class=\"has-nv-light-bg-background-color has-background-dim-100 wp-block-cover__gradient-background has-background-dim\"><\/span><div class=\"wp-block-cover__inner-container\">\n<div class=\"wp-container-2 wp-block-group\"><div class=\"wp-block-group__inner-container\">\n<div style=\"height:80px\" aria-hidden=\"true\" class=\"wp-block-spacer\"><\/div>\n\n\n\n<div class=\"wp-block-columns are-vertically-aligned-center\">\n<div class=\"wp-block-column is-vertically-aligned-center\" style=\"flex-basis:50%\">\n<figure class=\"wp-block-image size-large\"><img loading=\"lazy\" width=\"1024\" height=\"1024\" src=\"https:\/\/www.corfusa.es\/wp-content\/uploads\/2022\/04\/pexels-andrea-piacquadio-3760529-1-1024x1024.png\" alt=\"\" class=\"wp-image-231\" srcset=\"https:\/\/www.corfusa.es\/wp-content\/uploads\/2022\/04\/pexels-andrea-piacquadio-3760529-1-1024x1024.png 1024w, https:\/\/www.corfusa.es\/wp-content\/uploads\/2022\/04\/pexels-andrea-piacquadio-3760529-1-300x300.png 300w, https:\/\/www.corfusa.es\/wp-content\/uploads\/2022\/04\/pexels-andrea-piacquadio-3760529-1-150x150.png 150w, https:\/\/www.corfusa.es\/wp-content\/uploads\/2022\/04\/pexels-andrea-piacquadio-3760529-1-768x768.png 768w, https:\/\/www.corfusa.es\/wp-content\/uploads\/2022\/04\/pexels-andrea-piacquadio-3760529-1-1536x1536.png 1536w, https:\/\/www.corfusa.es\/wp-content\/uploads\/2022\/04\/pexels-andrea-piacquadio-3760529-1-2048x2048.png 2048w\" sizes=\"(max-width: 1024px) 100vw, 1024px\" \/><\/figure>\n<\/div>\n\n\n\n<div class=\"wp-block-column is-vertically-aligned-center\" style=\"flex-basis:50%\">\n<h2 class=\"has-neve-text-color-color has-text-color\">Corfusa Ingenier\u00eda y Obras<\/h2>\n\n\n\n<p class=\"has-neve-text-color-color has-text-color has-medium-font-size\">Somos una empresa con amplia experiencia en los diferentes \u00e1mbitos del sector de la construcci\u00f3n.<\/p>\n\n\n\n<p class=\"has-neve-text-color-color has-text-color\">El af\u00e1n de superaci\u00f3n permite formar un equipo con inquietudes constantes en el mundo de la construcci\u00f3n con el fin de poder ofrecer al cliente la mejor opci\u00f3n tanto t\u00e9cnica como econ\u00f3mica. Para ello contamos con los mejores profesionales del sector que garantizan la ejecuci\u00f3n de los diferentes trabajos. <\/p>\n\n\n\n<p class=\"has-neve-text-color-color has-text-color\">Nuestra experiencia en construcci\u00f3n industrial, viviendas y reformas hacen que podamos consolidar un equipo con amplios conocimientos y recursos que permitan obtener el \u00fanico objetivo perseguido, la satisfacci\u00f3n del cliente. <\/p>\n<\/div>\n<\/div>\n\n\n\n<div style=\"height:40px\" aria-hidden=\"true\" class=\"wp-block-spacer\"><\/div>\n<\/div><\/div>\n<\/div><\/div>\n\n\n\n<div class=\"wp-block-cover alignfull\" style=\"min-height:600px\"><span aria-hidden=\"true\" class=\"has-nv-dark-bg-background-color has-background-dim-100 wp-block-cover__gradient-background has-background-dim\"><\/span><div class=\"wp-block-cover__inner-container\">\n<div class=\"wp-container-3 wp-block-group\"><div class=\"wp-block-group__inner-container\">\n<div style=\"height:80px\" aria-hidden=\"true\" class=\"wp-block-spacer\"><\/div>\n\n\n\n<div class=\"wp-block-columns are-vertically-aligned-center\">\n<div class=\"wp-block-column is-vertically-aligned-center\" style=\"flex-basis:50%\">\n<h2 class=\"has-nv-text-dark-bg-color has-text-color\">Profesionales<\/h2>\n\n\n\n<p class=\"has-nv-text-dark-bg-color has-text-color\">En cada proyecto contamos con profesionales altamente cualificados que nos avalan con su buen hacer para conseguir los resultados requeridos con un plazo de ejecuci\u00f3n cerrado y sin sorpresas para conseguir el sue\u00f1o de cada cliente.<\/p>\n\n\n\n<div style=\"height:20px\" aria-hidden=\"true\" class=\"wp-block-spacer\"><\/div>\n\n\n\n<div style=\"height:20px\" aria-hidden=\"true\" class=\"wp-block-spacer\"><\/div>\n<\/div>\n\n\n\n<div class=\"wp-block-column is-vertically-aligned-center\" style=\"flex-basis:50%\">\n<figure class=\"wp-block-image size-large\"><img loading=\"lazy\" width=\"1024\" height=\"1024\" src=\"https:\/\/www.corfusa.es\/wp-content\/uploads\/2022\/04\/pexels-ksenia-chernaya-5691503-1024x1024.png\" alt=\"\" class=\"wp-image-227\" srcset=\"https:\/\/www.corfusa.es\/wp-content\/uploads\/2022\/04\/pexels-ksenia-chernaya-5691503-1024x1024.png 1024w, https:\/\/www.corfusa.es\/wp-content\/uploads\/2022\/04\/pexels-ksenia-chernaya-5691503-300x300.png 300w, https:\/\/www.corfusa.es\/wp-content\/uploads\/2022\/04\/pexels-ksenia-chernaya-5691503-150x150.png 150w, https:\/\/www.corfusa.es\/wp-content\/uploads\/2022\/04\/pexels-ksenia-chernaya-5691503-768x768.png 768w, https:\/\/www.corfusa.es\/wp-content\/uploads\/2022\/04\/pexels-ksenia-chernaya-5691503-1536x1536.png 1536w, https:\/\/www.corfusa.es\/wp-content\/uploads\/2022\/04\/pexels-ksenia-chernaya-5691503-2048x2048.png 2048w\" sizes=\"(max-width: 1024px) 100vw, 1024px\" \/><\/figure>\n<\/div>\n<\/div>\n\n\n\n<div style=\"height:40px\" aria-hidden=\"true\" class=\"wp-block-spacer\"><\/div>\n<\/div><\/div>\n<\/div><\/div>\n\n\n\n<div class=\"wp-block-cover alignfull\" style=\"min-height:420px\"><span aria-hidden=\"true\" class=\"has-nv-site-bg-background-color has-background-dim-100 wp-block-cover__gradient-background has-background-dim\"><\/span><div class=\"wp-block-cover__inner-container\">\n<div style=\"height:80px\" aria-hidden=\"true\" class=\"wp-block-spacer\"><\/div>\n\n\n\n<div class=\"wp-block-columns\">\n<div class=\"wp-block-column ticss-4ce656f1\">\n<div class=\"wp-block-image icon-style is-style-rounded\"><figure class=\"aligncenter\"><img src=\"https:\/\/corfusa.es\/wp-content\/themes\/neve\/assets\/img\/starter-content\/icon-03.svg\" alt=\"\"\/><\/figure><\/div>\n\n\n\n<h3 class=\"has-text-align-center has-neve-text-color-color has-text-color\">Trasparencia<\/h3>\n\n\n\n<p class=\"has-text-align-center has-neve-text-color-color has-text-color\" style=\"font-size:15px\">Contacto continuo.<\/p>\n\n\n\n<div style=\"height:20px\" aria-hidden=\"true\" class=\"wp-block-spacer\"><\/div>\n<\/div>\n\n\n\n<div class=\"wp-block-column ticss-f6fc7494\">\n<div class=\"wp-block-image icon-style is-style-rounded\"><figure class=\"aligncenter is-resized\"><img loading=\"lazy\" src=\"https:\/\/corfusa.es\/wp-content\/themes\/neve\/assets\/img\/starter-content\/icon-03.svg\" alt=\"\" width=\"48\" height=\"48\"\/><\/figure><\/div>\n\n\n\n<h3 class=\"has-text-align-center has-neve-text-color-color has-text-color\">Cliente<\/h3>\n\n\n\n<p class=\"has-text-align-center has-neve-text-color-color has-text-color\" style=\"font-size:15px\">El objetivo final es su satisfacci\u00f3n.<\/p>\n\n\n\n<div style=\"height:20px\" aria-hidden=\"true\" class=\"wp-block-spacer\"><\/div>\n<\/div>\n\n\n\n<div class=\"wp-block-column ticss-a5b4df29\">\n<div class=\"wp-block-image icon-style is-style-rounded\"><figure class=\"aligncenter is-resized\"><img loading=\"lazy\" src=\"https:\/\/corfusa.es\/wp-content\/themes\/neve\/assets\/img\/starter-content\/icon-03.svg\" alt=\"\" width=\"48\" height=\"48\"\/><\/figure><\/div>\n\n\n\n<h3 class=\"has-text-align-center has-neve-text-color-color has-text-color\">Soluciones<\/h3>\n\n\n\n<p class=\"has-text-align-center has-neve-text-color-color has-text-color\" style=\"font-size:15px\">Aportamos alternativas ante cualquier problema.<\/p>\n\n\n\n<div style=\"height:20px\" aria-hidden=\"true\" class=\"wp-block-spacer\"><\/div>\n<\/div>\n<\/div>\n\n\n\n<div style=\"height:30px\" aria-hidden=\"true\" class=\"wp-block-spacer\"><\/div>\n<\/div><\/div>\n\n\n\n<p><\/p>\n","protected":false},"excerpt":{"rendered":"","protected":false},"author":1,"featured_media":0,"parent":0,"menu_order":0,"comment_status":"closed","ping_status":"closed","template":"","meta":{"neve_meta_sidebar":"","neve_meta_container":"","neve_meta_enable_content_width":"on","neve_meta_content_width":100,"neve_meta_title_alignment":"","neve_meta_author_avatar":"","neve_post_elements_order":"","neve_meta_disable_header":"","neve_meta_disable_footer":"","neve_meta_disable_title":"on"},"yoast_head":"<!-- This site is optimized with the Yoast SEO plugin v19.13 - https:\/\/yoast.com\/wordpress\/plugins\/seo\/ -->\n<title>Quienes somos - Corfusa Ingenier\u00eda y Obras<\/title>\n<meta name=\"robots\" content=\"index, follow, max-snippet:-1, max-image-preview:large, max-video-preview:-1\" \/>\n<link rel=\"canonical\" href=\"https:\/\/www.corfusa.es\/index.php\/quienes-somos\/\" \/>\n<meta property=\"og:locale\" content=\"es_ES\" \/>\n<meta property=\"og:type\" content=\"article\" \/>\n<meta property=\"og:title\" content=\"Quienes somos - Corfusa Ingenier\u00eda y Obras\" \/>\n<meta property=\"og:url\" content=\"https:\/\/www.corfusa.es\/index.php\/quienes-somos\/\" \/>\n<meta property=\"og:site_name\" content=\"Corfusa Ingenier\u00eda y Obras\" \/>\n<meta property=\"article:modified_time\" content=\"2022-06-16T17:41:32+00:00\" \/>\n<meta property=\"og:image\" content=\"https:\/\/www.corfusa.es\/wp-content\/uploads\/2022\/04\/pexels-andrea-piacquadio-3760529-1-1024x1024.png\" \/>\n<meta name=\"twitter:card\" content=\"summary_large_image\" \/>\n<meta name=\"twitter:label1\" content=\"Tiempo de lectura\" \/>\n\t<meta name=\"twitter:data1\" content=\"2 minutos\" \/>\n<script type=\"application\/ld+json\" class=\"yoast-schema-graph\">{\"@context\":\"https:\/\/schema.org\",\"@graph\":[{\"@type\":\"WebPage\",\"@id\":\"https:\/\/www.corfusa.es\/index.php\/quienes-somos\/\",\"url\":\"https:\/\/www.corfusa.es\/index.php\/quienes-somos\/\",\"name\":\"Quienes somos - Corfusa Ingenier\u00eda y Obras\",\"isPartOf\":{\"@id\":\"https:\/\/www.corfusa.es\/#website\"},\"datePublished\":\"2022-03-04T15:13:22+00:00\",\"dateModified\":\"2022-06-16T17:41:32+00:00\",\"breadcrumb\":{\"@id\":\"https:\/\/www.corfusa.es\/index.php\/quienes-somos\/#breadcrumb\"},\"inLanguage\":\"es\",\"potentialAction\":[{\"@type\":\"ReadAction\",\"target\":[\"https:\/\/www.corfusa.es\/index.php\/quienes-somos\/\"]}]},{\"@type\":\"BreadcrumbList\",\"@id\":\"https:\/\/www.corfusa.es\/index.php\/quienes-somos\/#breadcrumb\",\"itemListElement\":[{\"@type\":\"ListItem\",\"position\":1,\"name\":\"Portada\",\"item\":\"https:\/\/www.corfusa.es\/\"},{\"@type\":\"ListItem\",\"position\":2,\"name\":\"Quienes somos\"}]},{\"@type\":\"WebSite\",\"@id\":\"https:\/\/www.corfusa.es\/#website\",\"url\":\"https:\/\/www.corfusa.es\/\",\"name\":\"Corfusa Ingenier\u00eda y Obras\",\"description\":\"\",\"publisher\":{\"@id\":\"https:\/\/www.corfusa.es\/#organization\"},\"potentialAction\":[{\"@type\":\"SearchAction\",\"target\":{\"@type\":\"EntryPoint\",\"urlTemplate\":\"https:\/\/www.corfusa.es\/?s={search_term_string}\"},\"query-input\":\"required name=search_term_string\"}],\"inLanguage\":\"es\"},{\"@type\":\"Organization\",\"@id\":\"https:\/\/www.corfusa.es\/#organization\",\"name\":\"Corfusa Ingenier\u00eda y Obras\",\"url\":\"https:\/\/www.corfusa.es\/\",\"logo\":{\"@type\":\"ImageObject\",\"inLanguage\":\"es\",\"@id\":\"https:\/\/www.corfusa.es\/#\/schema\/logo\/image\/\",\"url\":\"https:\/\/www.corfusa.es\/wp-content\/uploads\/2022\/04\/Captura.jpg\",\"contentUrl\":\"https:\/\/www.corfusa.es\/wp-content\/uploads\/2022\/04\/Captura.jpg\",\"width\":647,\"height\":593,\"caption\":\"Corfusa Ingenier\u00eda y Obras\"},\"image\":{\"@id\":\"https:\/\/www.corfusa.es\/#\/schema\/logo\/image\/\"}}]}<\/script>\n<!-- \/ Yoast SEO plugin. -->","yoast_head_json":{"title":"Quienes somos - Corfusa Ingenier\u00eda y Obras","robots":{"index":"index","follow":"follow","max-snippet":"max-snippet:-1","max-image-preview":"max-image-preview:large","max-video-preview":"max-video-preview:-1"},"canonical":"https:\/\/www.corfusa.es\/index.php\/quienes-somos\/","og_locale":"es_ES","og_type":"article","og_title":"Quienes somos - Corfusa Ingenier\u00eda y Obras","og_url":"https:\/\/www.corfusa.es\/index.php\/quienes-somos\/","og_site_name":"Corfusa Ingenier\u00eda y Obras","article_modified_time":"2022-06-16T17:41:32+00:00","og_image":[{"url":"https:\/\/www.corfusa.es\/wp-content\/uploads\/2022\/04\/pexels-andrea-piacquadio-3760529-1-1024x1024.png"}],"twitter_card":"summary_large_image","twitter_misc":{"Tiempo de lectura":"2 minutos"},"schema":{"@context":"https:\/\/schema.org","@graph":[{"@type":"WebPage","@id":"https:\/\/www.corfusa.es\/index.php\/quienes-somos\/","url":"https:\/\/www.corfusa.es\/index.php\/quienes-somos\/","name":"Quienes somos - Corfusa Ingenier\u00eda y Obras","isPartOf":{"@id":"https:\/\/www.corfusa.es\/#website"},"datePublished":"2022-03-04T15:13:22+00:00","dateModified":"2022-06-16T17:41:32+00:00","breadcrumb":{"@id":"https:\/\/www.corfusa.es\/index.php\/quienes-somos\/#breadcrumb"},"inLanguage":"es","potentialAction":[{"@type":"ReadAction","target":["https:\/\/www.corfusa.es\/index.php\/quienes-somos\/"]}]},{"@type":"BreadcrumbList","@id":"https:\/\/www.corfusa.es\/index.php\/quienes-somos\/#breadcrumb","itemListElement":[{"@type":"ListItem","position":1,"name":"Portada","item":"https:\/\/www.corfusa.es\/"},{"@type":"ListItem","position":2,"name":"Quienes somos"}]},{"@type":"WebSite","@id":"https:\/\/www.corfusa.es\/#website","url":"https:\/\/www.corfusa.es\/","name":"Corfusa Ingenier\u00eda y Obras","description":"","publisher":{"@id":"https:\/\/www.corfusa.es\/#organization"},"potentialAction":[{"@type":"SearchAction","target":{"@type":"EntryPoint","urlTemplate":"https:\/\/www.corfusa.es\/?s={search_term_string}"},"query-input":"required name=search_term_string"}],"inLanguage":"es"},{"@type":"Organization","@id":"https:\/\/www.corfusa.es\/#organization","name":"Corfusa Ingenier\u00eda y Obras","url":"https:\/\/www.corfusa.es\/","logo":{"@type":"ImageObject","inLanguage":"es","@id":"https:\/\/www.corfusa.es\/#\/schema\/logo\/image\/","url":"https:\/\/www.corfusa.es\/wp-content\/uploads\/2022\/04\/Captura.jpg","contentUrl":"https:\/\/www.corfusa.es\/wp-content\/uploads\/2022\/04\/Captura.jpg","width":647,"height":593,"caption":"Corfusa Ingenier\u00eda y Obras"},"image":{"@id":"https:\/\/www.corfusa.es\/#\/schema\/logo\/image\/"}}]}},"_links":{"self":[{"href":"https:\/\/www.corfusa.es\/index.php\/wp-json\/wp\/v2\/pages\/7"}],"collection":[{"href":"https:\/\/www.corfusa.es\/index.php\/wp-json\/wp\/v2\/pages"}],"about":[{"href":"https:\/\/www.corfusa.es\/index.php\/wp-json\/wp\/v2\/types\/page"}],"author":[{"embeddable":true,"href":"https:\/\/www.corfusa.es\/index.php\/wp-json\/wp\/v2\/users\/1"}],"replies":[{"embeddable":true,"href":"https:\/\/www.corfusa.es\/index.php\/wp-json\/wp\/v2\/comments?post=7"}],"version-history":[{"count":17,"href":"https:\/\/www.corfusa.es\/index.php\/wp-json\/wp\/v2\/pages\/7\/revisions"}],"predecessor-version":[{"id":337,"href":"https:\/\/www.corfusa.es\/index.php\/wp-json\/wp\/v2\/pages\/7\/revisions\/337"}],"wp:attachment":[{"href":"https:\/\/www.corfusa.es\/index.php\/wp-json\/wp\/v2\/media?parent=7"}],"curies":[{"name":"wp","href":"https:\/\/api.w.org\/{rel}","templated":true}]}}