{"id":371,"date":"2023-01-30T00:11:13","date_gmt":"2023-01-30T00:11:13","guid":{"rendered":"https:\/\/www.corfusa.es\/?page_id=371"},"modified":"2023-01-30T12:02:26","modified_gmt":"2023-01-30T12:02:26","slug":"servicios","status":"publish","type":"page","link":"https:\/\/www.corfusa.es\/index.php\/servicios\/","title":{"rendered":"Servicios"},"content":{"rendered":"\n<p class=\"has-text-align-left has-large-font-size\"><strong>de control para ejecuci\u00f3n de obras<\/strong><\/p>\n\n\n\n<div class=\"wp-block-cover alignleft is-light\" style=\"min-height:1458px\"><span aria-hidden=\"true\" class=\"has-background-dim-60 wp-block-cover__gradient-background has-background-dim\" style=\"background-color:#ffea9d\"><\/span><div class=\"wp-block-cover__inner-container\">\n<div class=\"wp-container-1 wp-block-group\"><div class=\"wp-block-group__inner-container\">\n<p class=\"has-nv-dark-bg-color has-text-color\">          <strong><em>Jefe de obra:<\/em><\/strong><\/p>\n\n\n\n<p class=\"has-text-align-left has-nv-dark-bg-color has-text-color\">          El jefe de obra es el profesional que planifica, coordina y supervisa la ejecuci\u00f3n de las obras, siguiendo las directrices marcadas por la direcci\u00f3n facultativa o el grupo de profesionales en quien recae la responsabilidad de dirigir las obras, siguiendo el proyecto arquitect\u00f3nico y controlando la calidad, los presupuestos y los plazos. Asimismo, se informa peri\u00f3dicamente del estado de las obras (en relaci\u00f3n con la planificaci\u00f3n, los costes extra en partidas y la calidad) a la direcci\u00f3n facultativa y\/o propiedad.<\/p>\n\n\n\n<p class=\"has-nv-dark-bg-color has-text-color\"><strong>                Funciones jefe de obra\u2026<\/strong><\/p>\n\n\n\n<ul class=\"has-nv-dark-bg-color has-text-color\"><li>Supervisa y realiza el control de los albaranes y las facturas de los proveedores y subcontratas.<\/li><li>Controla las entradas y salidas de materiales de la obra.<\/li><li>Gestiona los contratos con suministradores de material y\/o subcontratas: materiales que deben entregar, plazos, precios, calidades, etc.<\/li><li>Gestiona el equipo t\u00e9cnico y administrativo de la obra (contratos, horarios, listas de trabajadores, PRL, etc.).<\/li><li>Revisa el trabajo de los subcontratistas para constatar que trabajan y utilizan los materiales de la calidad adecuada.<\/li><li>Informa y notifica constantemente a la direcci\u00f3n facultativa y a la propiedad sobre la obra.<\/li><li>Controla y realiza el seguimiento de la planificaci\u00f3n t\u00e9cnica y econ\u00f3mica de la obra.<\/li><li>Controla la ejecuci\u00f3n y supervisa la seguridad y salud de la obra.<\/li><li>Gestiona toda la documentaci\u00f3n de la obra: actas, licencias y permisos, contratos, libros de la obra, presupuestos, mediciones, archivos, actas de formaci\u00f3n, documentos de calidad etc.<\/li><\/ul>\n<\/div><\/div>\n<\/div><\/div>\n\n\n\n<div class=\"wp-block-cover alignright is-light\" style=\"min-height:1750px\"><span aria-hidden=\"true\" class=\"has-background-dim-60 wp-block-cover__gradient-background has-background-dim\" style=\"background-color:#94ffba\"><\/span><div class=\"wp-block-cover__inner-container\">\n<div class=\"wp-container-2 wp-block-group\"><div class=\"wp-block-group__inner-container\">\n<p class=\"has-nv-dark-bg-color has-text-color\">          <strong><em>Encargado de obra:<\/em><\/strong><\/p>\n\n\n\n<p class=\"has-nv-dark-bg-color has-text-color\">          El encargado de obra es responsable directo de la ejecuci\u00f3n material del proyecto constructivo. Sus funciones son transmitir la informaci\u00f3n t\u00e9cnica entre el jefe de obra y los diferentes capataces y operarios que se ocupan de la ejecuci\u00f3n de los diversos trabajos de construcci\u00f3n, planificar y organizar los equipos de trabajo, estudiar la viabilidad de la ejecuci\u00f3n y velar por el cumplimiento de las condiciones t\u00e9cnicas y de la planificaci\u00f3n prevista.<\/p>\n\n\n\n<p class=\"has-nv-dark-bg-color has-text-color\">                <strong>Funciones encargado de obra\u2026<\/strong><\/p>\n\n\n\n<ul class=\"has-nv-dark-bg-color has-text-color\"><li>Planifica y organiza el proceso y la mec\u00e1nica de los trabajos de obra.<\/li><li>Organiza los espacios de trabajo, de maniobra, de almacenamiento, de carga y descarga, de los talleres y de los accesos a la obra.<\/li><li>Controla y supervisa la ejecuci\u00f3n de la obra.<\/li><li>Controla el cumplimiento de la planificaci\u00f3n.<\/li><li>Interpreta los planos y replantea las unidades de obra.<\/li><li>Organiza y controla los grupos de trabajo; asigna tareas a los\/as operarios\/as.<\/li><li>Propone procedimientos, materiales y t\u00e9cnicas de ejecuci\u00f3n, en caso de ser necesario.<\/li><li>Facilita el asesoramiento t\u00e9cnico de los\/las operarios\/as.<\/li><li>Coordina los trabajos de diversos subcontratistas.<\/li><li>Se ocupa de la recepci\u00f3n y organizaci\u00f3n de materiales, zonas de acopio, talleres, etc.<\/li><li>Realiza c\u00e1lculos de cantidad de materiales y mediciones de la obra ejecutada.<\/li><li>Controla el cumplimiento del plan de seguridad y salud y de las normas de prevenci\u00f3n de riesgos laborales.<\/li><li>Controla los materiales, los medios y la maquinaria de la obra.<\/li><li>Supervisa y verifica los procesos y los resultados de los trabajos.<\/li><li>Controla la calidad de las partidas de obra ejecutadas.<\/li><li>Asume la relaci\u00f3n t\u00e9cnica con la direcci\u00f3n facultativa y la direcci\u00f3n de obra.<\/li><\/ul>\n<\/div><\/div>\n<\/div><\/div>\n\n\n\n<div class=\"wp-block-cover aligncenter is-light\" style=\"min-height:363px\"><span aria-hidden=\"true\" class=\"wp-block-cover__gradient-background has-background-dim\" style=\"background-color:#c9cfff\"><\/span><div class=\"wp-block-cover__inner-container\">\n<div class=\"wp-container-3 wp-block-group alignwide\"><div class=\"wp-block-group__inner-container\">\n<p class=\"has-nv-dark-bg-color has-text-color\"><strong><em>Formaci\u00f3n complementaria:<\/em><\/strong><\/p>\n\n\n\n<p class=\"has-nv-dark-bg-color has-text-color\">Coordinador de Seguridad y Salud (200 h).<\/p>\n\n\n\n<p class=\"has-nv-dark-bg-color has-text-color\">Nivel b\u00e1sico PRL &#8211; Recurso preventivo (60 h).<\/p>\n\n\n\n<p>Catastro y urbanismo.<\/p>\n\n\n\n<p>Topografia y replanteo.<\/p>\n\n\n\n<p>Plataformas elevadoras.<\/p>\n<\/div><\/div>\n<\/div><\/div>\n","protected":false},"excerpt":{"rendered":"<p>de control para ejecuci\u00f3n de obras<\/p>\n","protected":false},"author":1,"featured_media":0,"parent":0,"menu_order":0,"comment_status":"closed","ping_status":"closed","template":"","meta":{"neve_meta_sidebar":"","neve_meta_container":"","neve_meta_enable_content_width":"","neve_meta_content_width":0,"neve_meta_title_alignment":"","neve_meta_author_avatar":"","neve_post_elements_order":"","neve_meta_disable_header":"","neve_meta_disable_footer":"","neve_meta_disable_title":""},"yoast_head":"<!-- This site is optimized with the Yoast SEO plugin v19.13 - https:\/\/yoast.com\/wordpress\/plugins\/seo\/ -->\n<title>Servicios - Corfusa Ingenier\u00eda y Obras<\/title>\n<meta name=\"robots\" content=\"index, follow, max-snippet:-1, max-image-preview:large, max-video-preview:-1\" \/>\n<link rel=\"canonical\" href=\"https:\/\/www.corfusa.es\/index.php\/servicios\/\" \/>\n<meta property=\"og:locale\" content=\"es_ES\" \/>\n<meta property=\"og:type\" content=\"article\" \/>\n<meta property=\"og:title\" content=\"Servicios - Corfusa Ingenier\u00eda y Obras\" \/>\n<meta property=\"og:description\" content=\"de control para ejecuci\u00f3n de obras\" \/>\n<meta property=\"og:url\" content=\"https:\/\/www.corfusa.es\/index.php\/servicios\/\" \/>\n<meta property=\"og:site_name\" content=\"Corfusa Ingenier\u00eda y Obras\" \/>\n<meta property=\"article:modified_time\" content=\"2023-01-30T12:02:26+00:00\" \/>\n<meta name=\"twitter:card\" content=\"summary_large_image\" \/>\n<meta name=\"twitter:label1\" content=\"Tiempo de lectura\" \/>\n\t<meta name=\"twitter:data1\" content=\"3 minutos\" \/>\n<script type=\"application\/ld+json\" class=\"yoast-schema-graph\">{\"@context\":\"https:\/\/schema.org\",\"@graph\":[{\"@type\":\"WebPage\",\"@id\":\"https:\/\/www.corfusa.es\/index.php\/servicios\/\",\"url\":\"https:\/\/www.corfusa.es\/index.php\/servicios\/\",\"name\":\"Servicios - Corfusa Ingenier\u00eda y Obras\",\"isPartOf\":{\"@id\":\"https:\/\/www.corfusa.es\/#website\"},\"datePublished\":\"2023-01-30T00:11:13+00:00\",\"dateModified\":\"2023-01-30T12:02:26+00:00\",\"breadcrumb\":{\"@id\":\"https:\/\/www.corfusa.es\/index.php\/servicios\/#breadcrumb\"},\"inLanguage\":\"es\",\"potentialAction\":[{\"@type\":\"ReadAction\",\"target\":[\"https:\/\/www.corfusa.es\/index.php\/servicios\/\"]}]},{\"@type\":\"BreadcrumbList\",\"@id\":\"https:\/\/www.corfusa.es\/index.php\/servicios\/#breadcrumb\",\"itemListElement\":[{\"@type\":\"ListItem\",\"position\":1,\"name\":\"Portada\",\"item\":\"https:\/\/www.corfusa.es\/\"},{\"@type\":\"ListItem\",\"position\":2,\"name\":\"Servicios\"}]},{\"@type\":\"WebSite\",\"@id\":\"https:\/\/www.corfusa.es\/#website\",\"url\":\"https:\/\/www.corfusa.es\/\",\"name\":\"Corfusa Ingenier\u00eda y Obras\",\"description\":\"\",\"publisher\":{\"@id\":\"https:\/\/www.corfusa.es\/#organization\"},\"potentialAction\":[{\"@type\":\"SearchAction\",\"target\":{\"@type\":\"EntryPoint\",\"urlTemplate\":\"https:\/\/www.corfusa.es\/?s={search_term_string}\"},\"query-input\":\"required name=search_term_string\"}],\"inLanguage\":\"es\"},{\"@type\":\"Organization\",\"@id\":\"https:\/\/www.corfusa.es\/#organization\",\"name\":\"Corfusa Ingenier\u00eda y Obras\",\"url\":\"https:\/\/www.corfusa.es\/\",\"logo\":{\"@type\":\"ImageObject\",\"inLanguage\":\"es\",\"@id\":\"https:\/\/www.corfusa.es\/#\/schema\/logo\/image\/\",\"url\":\"https:\/\/www.corfusa.es\/wp-content\/uploads\/2022\/04\/Captura.jpg\",\"contentUrl\":\"https:\/\/www.corfusa.es\/wp-content\/uploads\/2022\/04\/Captura.jpg\",\"width\":647,\"height\":593,\"caption\":\"Corfusa Ingenier\u00eda y Obras\"},\"image\":{\"@id\":\"https:\/\/www.corfusa.es\/#\/schema\/logo\/image\/\"}}]}<\/script>\n<!-- \/ Yoast SEO plugin. -->","yoast_head_json":{"title":"Servicios - Corfusa Ingenier\u00eda y Obras","robots":{"index":"index","follow":"follow","max-snippet":"max-snippet:-1","max-image-preview":"max-image-preview:large","max-video-preview":"max-video-preview:-1"},"canonical":"https:\/\/www.corfusa.es\/index.php\/servicios\/","og_locale":"es_ES","og_type":"article","og_title":"Servicios - Corfusa Ingenier\u00eda y Obras","og_description":"de control para ejecuci\u00f3n de obras","og_url":"https:\/\/www.corfusa.es\/index.php\/servicios\/","og_site_name":"Corfusa Ingenier\u00eda y Obras","article_modified_time":"2023-01-30T12:02:26+00:00","twitter_card":"summary_large_image","twitter_misc":{"Tiempo de lectura":"3 minutos"},"schema":{"@context":"https:\/\/schema.org","@graph":[{"@type":"WebPage","@id":"https:\/\/www.corfusa.es\/index.php\/servicios\/","url":"https:\/\/www.corfusa.es\/index.php\/servicios\/","name":"Servicios - Corfusa Ingenier\u00eda y Obras","isPartOf":{"@id":"https:\/\/www.corfusa.es\/#website"},"datePublished":"2023-01-30T00:11:13+00:00","dateModified":"2023-01-30T12:02:26+00:00","breadcrumb":{"@id":"https:\/\/www.corfusa.es\/index.php\/servicios\/#breadcrumb"},"inLanguage":"es","potentialAction":[{"@type":"ReadAction","target":["https:\/\/www.corfusa.es\/index.php\/servicios\/"]}]},{"@type":"BreadcrumbList","@id":"https:\/\/www.corfusa.es\/index.php\/servicios\/#breadcrumb","itemListElement":[{"@type":"ListItem","position":1,"name":"Portada","item":"https:\/\/www.corfusa.es\/"},{"@type":"ListItem","position":2,"name":"Servicios"}]},{"@type":"WebSite","@id":"https:\/\/www.corfusa.es\/#website","url":"https:\/\/www.corfusa.es\/","name":"Corfusa Ingenier\u00eda y Obras","description":"","publisher":{"@id":"https:\/\/www.corfusa.es\/#organization"},"potentialAction":[{"@type":"SearchAction","target":{"@type":"EntryPoint","urlTemplate":"https:\/\/www.corfusa.es\/?s={search_term_string}"},"query-input":"required name=search_term_string"}],"inLanguage":"es"},{"@type":"Organization","@id":"https:\/\/www.corfusa.es\/#organization","name":"Corfusa Ingenier\u00eda y Obras","url":"https:\/\/www.corfusa.es\/","logo":{"@type":"ImageObject","inLanguage":"es","@id":"https:\/\/www.corfusa.es\/#\/schema\/logo\/image\/","url":"https:\/\/www.corfusa.es\/wp-content\/uploads\/2022\/04\/Captura.jpg","contentUrl":"https:\/\/www.corfusa.es\/wp-content\/uploads\/2022\/04\/Captura.jpg","width":647,"height":593,"caption":"Corfusa Ingenier\u00eda y Obras"},"image":{"@id":"https:\/\/www.corfusa.es\/#\/schema\/logo\/image\/"}}]}},"_links":{"self":[{"href":"https:\/\/www.corfusa.es\/index.php\/wp-json\/wp\/v2\/pages\/371"}],"collection":[{"href":"https:\/\/www.corfusa.es\/index.php\/wp-json\/wp\/v2\/pages"}],"about":[{"href":"https:\/\/www.corfusa.es\/index.php\/wp-json\/wp\/v2\/types\/page"}],"author":[{"embeddable":true,"href":"https:\/\/www.corfusa.es\/index.php\/wp-json\/wp\/v2\/users\/1"}],"replies":[{"embeddable":true,"href":"https:\/\/www.corfusa.es\/index.php\/wp-json\/wp\/v2\/comments?post=371"}],"version-history":[{"count":12,"href":"https:\/\/www.corfusa.es\/index.php\/wp-json\/wp\/v2\/pages\/371\/revisions"}],"predecessor-version":[{"id":394,"href":"https:\/\/www.corfusa.es\/index.php\/wp-json\/wp\/v2\/pages\/371\/revisions\/394"}],"wp:attachment":[{"href":"https:\/\/www.corfusa.es\/index.php\/wp-json\/wp\/v2\/media?parent=371"}],"curies":[{"name":"wp","href":"https:\/\/api.w.org\/{rel}","templated":true}]}}