{"id":313,"date":"2022-05-19T12:16:40","date_gmt":"2022-05-19T12:16:40","guid":{"rendered":"https:\/\/www.corfusa.es\/?page_id=313"},"modified":"2022-05-19T12:16:40","modified_gmt":"2022-05-19T12:16:40","slug":"politica-de-privacidad","status":"publish","type":"page","link":"https:\/\/www.corfusa.es\/index.php\/politica-de-privacidad\/","title":{"rendered":"Pol\u00edtica de privacidad"},"content":{"rendered":"\n<p>El responsable del tratamiento de acuerdo con la LO 3\/2018 y el RGPDUE 2016\/679 le informa que:<\/p>\n\n\n\n<p>Usted por este medio, autoriza y da su conformidad para que sus datos sean recogidos y tratados en su calidad de Contacto, y al proporcionarlos sean tratados de forma confidencial y queden incorporados a la correspondiente actividad de tratamiento en nuestro Registro de Actividades que usted puede consultar y se conservar\u00e1n mientras se mantenga la relaci\u00f3n o durante los a\u00f1os necesarios para cumplir con las obligaciones legales y no se ceder\u00e1n a terceros salvo en los casos en que exista una obligaci\u00f3n legal acepta el uso de las cookies&nbsp; \u00abcookies permanentes\u00bb de esta web en este apartado. Usted tiene derecho a obtener confirmaci\u00f3n sobre si estamos tratando sus datos personales, por tanto, tiene derecho a acceder a sus datos personales, rectificar los datos inexactos o solicitar su supresi\u00f3n cuando los datos ya no sean necesarios, mediante comunicaci\u00f3n escrita a:&nbsp;info@corfusa.es<\/p>\n","protected":false},"excerpt":{"rendered":"<p>El responsable del tratamiento de acuerdo con la LO 3\/2018 y el RGPDUE 2016\/679 le informa que: Usted por este medio, autoriza y da su conformidad para que sus datos sean recogidos y tratados en su calidad de Contacto, y al proporcionarlos sean tratados de forma confidencial y queden incorporados a la correspondiente actividad de&hellip;&nbsp;<a href=\"https:\/\/www.corfusa.es\/index.php\/politica-de-privacidad\/\" class=\"\" rel=\"bookmark\">Leer m\u00e1s &raquo;<span class=\"screen-reader-text\">Pol\u00edtica de privacidad<\/span><\/a><\/p>\n","protected":false},"author":1,"featured_media":0,"parent":0,"menu_order":0,"comment_status":"closed","ping_status":"closed","template":"","meta":{"neve_meta_sidebar":"","neve_meta_container":"","neve_meta_enable_content_width":"","neve_meta_content_width":0,"neve_meta_title_alignment":"","neve_meta_author_avatar":"","neve_post_elements_order":"","neve_meta_disable_header":"","neve_meta_disable_footer":"","neve_meta_disable_title":""},"yoast_head":"<!-- This site is optimized with the Yoast SEO plugin v19.13 - https:\/\/yoast.com\/wordpress\/plugins\/seo\/ -->\n<title>Pol\u00edtica de privacidad - Corfusa Ingenier\u00eda y Obras<\/title>\n<meta name=\"robots\" content=\"index, follow, max-snippet:-1, max-image-preview:large, max-video-preview:-1\" \/>\n<link rel=\"canonical\" href=\"https:\/\/www.corfusa.es\/index.php\/politica-de-privacidad\/\" \/>\n<meta property=\"og:locale\" content=\"es_ES\" \/>\n<meta property=\"og:type\" content=\"article\" \/>\n<meta property=\"og:title\" content=\"Pol\u00edtica de privacidad - Corfusa Ingenier\u00eda y Obras\" \/>\n<meta property=\"og:description\" content=\"El responsable del tratamiento de acuerdo con la LO 3\/2018 y el RGPDUE 2016\/679 le informa que: Usted por este medio, autoriza y da su conformidad para que sus datos sean recogidos y tratados en su calidad de Contacto, y al proporcionarlos sean tratados de forma confidencial y queden incorporados a la correspondiente actividad de&hellip;&nbsp;Leer m\u00e1s &raquo;Pol\u00edtica de privacidad\" \/>\n<meta property=\"og:url\" content=\"https:\/\/www.corfusa.es\/index.php\/politica-de-privacidad\/\" \/>\n<meta property=\"og:site_name\" content=\"Corfusa Ingenier\u00eda y Obras\" \/>\n<meta name=\"twitter:card\" content=\"summary_large_image\" \/>\n<meta name=\"twitter:label1\" content=\"Tiempo de lectura\" \/>\n\t<meta name=\"twitter:data1\" content=\"1 minuto\" \/>\n<script type=\"application\/ld+json\" class=\"yoast-schema-graph\">{\"@context\":\"https:\/\/schema.org\",\"@graph\":[{\"@type\":\"WebPage\",\"@id\":\"https:\/\/www.corfusa.es\/index.php\/politica-de-privacidad\/\",\"url\":\"https:\/\/www.corfusa.es\/index.php\/politica-de-privacidad\/\",\"name\":\"Pol\u00edtica de privacidad - Corfusa Ingenier\u00eda y Obras\",\"isPartOf\":{\"@id\":\"https:\/\/www.corfusa.es\/#website\"},\"datePublished\":\"2022-05-19T12:16:40+00:00\",\"dateModified\":\"2022-05-19T12:16:40+00:00\",\"breadcrumb\":{\"@id\":\"https:\/\/www.corfusa.es\/index.php\/politica-de-privacidad\/#breadcrumb\"},\"inLanguage\":\"es\",\"potentialAction\":[{\"@type\":\"ReadAction\",\"target\":[\"https:\/\/www.corfusa.es\/index.php\/politica-de-privacidad\/\"]}]},{\"@type\":\"BreadcrumbList\",\"@id\":\"https:\/\/www.corfusa.es\/index.php\/politica-de-privacidad\/#breadcrumb\",\"itemListElement\":[{\"@type\":\"ListItem\",\"position\":1,\"name\":\"Portada\",\"item\":\"https:\/\/www.corfusa.es\/\"},{\"@type\":\"ListItem\",\"position\":2,\"name\":\"Pol\u00edtica de privacidad\"}]},{\"@type\":\"WebSite\",\"@id\":\"https:\/\/www.corfusa.es\/#website\",\"url\":\"https:\/\/www.corfusa.es\/\",\"name\":\"Corfusa Ingenier\u00eda y Obras\",\"description\":\"\",\"publisher\":{\"@id\":\"https:\/\/www.corfusa.es\/#organization\"},\"potentialAction\":[{\"@type\":\"SearchAction\",\"target\":{\"@type\":\"EntryPoint\",\"urlTemplate\":\"https:\/\/www.corfusa.es\/?s={search_term_string}\"},\"query-input\":\"required name=search_term_string\"}],\"inLanguage\":\"es\"},{\"@type\":\"Organization\",\"@id\":\"https:\/\/www.corfusa.es\/#organization\",\"name\":\"Corfusa Ingenier\u00eda y Obras\",\"url\":\"https:\/\/www.corfusa.es\/\",\"logo\":{\"@type\":\"ImageObject\",\"inLanguage\":\"es\",\"@id\":\"https:\/\/www.corfusa.es\/#\/schema\/logo\/image\/\",\"url\":\"https:\/\/www.corfusa.es\/wp-content\/uploads\/2022\/04\/Captura.jpg\",\"contentUrl\":\"https:\/\/www.corfusa.es\/wp-content\/uploads\/2022\/04\/Captura.jpg\",\"width\":647,\"height\":593,\"caption\":\"Corfusa Ingenier\u00eda y Obras\"},\"image\":{\"@id\":\"https:\/\/www.corfusa.es\/#\/schema\/logo\/image\/\"}}]}<\/script>\n<!-- \/ Yoast SEO plugin. -->","yoast_head_json":{"title":"Pol\u00edtica de privacidad - Corfusa Ingenier\u00eda y Obras","robots":{"index":"index","follow":"follow","max-snippet":"max-snippet:-1","max-image-preview":"max-image-preview:large","max-video-preview":"max-video-preview:-1"},"canonical":"https:\/\/www.corfusa.es\/index.php\/politica-de-privacidad\/","og_locale":"es_ES","og_type":"article","og_title":"Pol\u00edtica de privacidad - Corfusa Ingenier\u00eda y Obras","og_description":"El responsable del tratamiento de acuerdo con la LO 3\/2018 y el RGPDUE 2016\/679 le informa que: Usted por este medio, autoriza y da su conformidad para que sus datos sean recogidos y tratados en su calidad de Contacto, y al proporcionarlos sean tratados de forma confidencial y queden incorporados a la correspondiente actividad de&hellip;&nbsp;Leer m\u00e1s &raquo;Pol\u00edtica de privacidad","og_url":"https:\/\/www.corfusa.es\/index.php\/politica-de-privacidad\/","og_site_name":"Corfusa Ingenier\u00eda y Obras","twitter_card":"summary_large_image","twitter_misc":{"Tiempo de lectura":"1 minuto"},"schema":{"@context":"https:\/\/schema.org","@graph":[{"@type":"WebPage","@id":"https:\/\/www.corfusa.es\/index.php\/politica-de-privacidad\/","url":"https:\/\/www.corfusa.es\/index.php\/politica-de-privacidad\/","name":"Pol\u00edtica de privacidad - Corfusa Ingenier\u00eda y Obras","isPartOf":{"@id":"https:\/\/www.corfusa.es\/#website"},"datePublished":"2022-05-19T12:16:40+00:00","dateModified":"2022-05-19T12:16:40+00:00","breadcrumb":{"@id":"https:\/\/www.corfusa.es\/index.php\/politica-de-privacidad\/#breadcrumb"},"inLanguage":"es","potentialAction":[{"@type":"ReadAction","target":["https:\/\/www.corfusa.es\/index.php\/politica-de-privacidad\/"]}]},{"@type":"BreadcrumbList","@id":"https:\/\/www.corfusa.es\/index.php\/politica-de-privacidad\/#breadcrumb","itemListElement":[{"@type":"ListItem","position":1,"name":"Portada","item":"https:\/\/www.corfusa.es\/"},{"@type":"ListItem","position":2,"name":"Pol\u00edtica de privacidad"}]},{"@type":"WebSite","@id":"https:\/\/www.corfusa.es\/#website","url":"https:\/\/www.corfusa.es\/","name":"Corfusa Ingenier\u00eda y Obras","description":"","publisher":{"@id":"https:\/\/www.corfusa.es\/#organization"},"potentialAction":[{"@type":"SearchAction","target":{"@type":"EntryPoint","urlTemplate":"https:\/\/www.corfusa.es\/?s={search_term_string}"},"query-input":"required name=search_term_string"}],"inLanguage":"es"},{"@type":"Organization","@id":"https:\/\/www.corfusa.es\/#organization","name":"Corfusa Ingenier\u00eda y Obras","url":"https:\/\/www.corfusa.es\/","logo":{"@type":"ImageObject","inLanguage":"es","@id":"https:\/\/www.corfusa.es\/#\/schema\/logo\/image\/","url":"https:\/\/www.corfusa.es\/wp-content\/uploads\/2022\/04\/Captura.jpg","contentUrl":"https:\/\/www.corfusa.es\/wp-content\/uploads\/2022\/04\/Captura.jpg","width":647,"height":593,"caption":"Corfusa Ingenier\u00eda y Obras"},"image":{"@id":"https:\/\/www.corfusa.es\/#\/schema\/logo\/image\/"}}]}},"_links":{"self":[{"href":"https:\/\/www.corfusa.es\/index.php\/wp-json\/wp\/v2\/pages\/313"}],"collection":[{"href":"https:\/\/www.corfusa.es\/index.php\/wp-json\/wp\/v2\/pages"}],"about":[{"href":"https:\/\/www.corfusa.es\/index.php\/wp-json\/wp\/v2\/types\/page"}],"author":[{"embeddable":true,"href":"https:\/\/www.corfusa.es\/index.php\/wp-json\/wp\/v2\/users\/1"}],"replies":[{"embeddable":true,"href":"https:\/\/www.corfusa.es\/index.php\/wp-json\/wp\/v2\/comments?post=313"}],"version-history":[{"count":1,"href":"https:\/\/www.corfusa.es\/index.php\/wp-json\/wp\/v2\/pages\/313\/revisions"}],"predecessor-version":[{"id":314,"href":"https:\/\/www.corfusa.es\/index.php\/wp-json\/wp\/v2\/pages\/313\/revisions\/314"}],"wp:attachment":[{"href":"https:\/\/www.corfusa.es\/index.php\/wp-json\/wp\/v2\/media?parent=313"}],"curies":[{"name":"wp","href":"https:\/\/api.w.org\/{rel}","templated":true}]}}