{"id":306,"date":"2022-05-19T11:54:36","date_gmt":"2022-05-19T11:54:36","guid":{"rendered":"https:\/\/www.corfusa.es\/?page_id=306"},"modified":"2022-05-19T11:54:37","modified_gmt":"2022-05-19T11:54:37","slug":"aviso-legal","status":"publish","type":"page","link":"https:\/\/www.corfusa.es\/index.php\/aviso-legal\/","title":{"rendered":"Aviso legal"},"content":{"rendered":"\n<p>Esta web ha sido creada por Corfusa Ingenier\u00eda y Obras, S.L. con car\u00e1cter informativo para su uso personal y gratuito.<\/p>\n\n\n\n<p>Corfusa Ingenier\u00eda y Obras, S.L. en cumplimiento de la normativa vigente en materia de protecci\u00f3n de datos de car\u00e1cter personal Ley Org\u00e1nica 3\/2018 y en concordancia con lo expresado en el Reglamento (RGPDUE) 2016\/679 del Parlamento Europeo y del Consejo, as\u00ed como de la regulaci\u00f3n existente en materia de Servicios de la Sociedad de la Informaci\u00f3n y de Comercio Electr\u00f3nico Ley 34\/2002), pone en su conocimiento las presentes condiciones generales de uso que se aplican a todas las operaciones realizadas a trav\u00e9s de la web: www.corfusa.es<\/p>\n\n\n\n<p>De acuerdo con la ley 34\/2002 de \u201cServicios de la Sociedad de Informaci\u00f3n y el Comercio Electr\u00f3nico\u201d en vigor desde julio de 2002, comunicamos que este sitio web pertenece a:<\/p>\n\n\n\n<p>Nombre fiscal de la sociedad: Corfusa Ingenier\u00eda y Obras, S.L.<\/p>\n\n\n\n<p>CIF de la sociedad: &#8212;&#8212;&#8211;<\/p>\n\n\n\n<p>Domicilio de la sociedad:&nbsp; Calle Tollas 12, Otero de Herreros, Segovia<\/p>\n\n\n\n<p>Tel\u00e9fono: +34 686 283 580<\/p>\n\n\n\n<p>Direcci\u00f3n de correo electr\u00f3nico de la sociedad: info@corfusa.es<\/p>\n\n\n\n<p>Datos legales y\/o registrales de la sociedad:<\/p>\n\n\n\n<p>Inscrita en el:<\/p>\n\n\n\n<p>Tomo &#8212;<\/p>\n\n\n\n<p>Folio &#8212;<\/p>\n\n\n\n<p>Hoja &#8212;-<\/p>\n\n\n\n<p>Registro Mercantil de &#8212;-<\/p>\n\n\n\n<p>CONDICIONES DE USO<\/p>\n\n\n\n<ol type=\"1\"><li>a) Utilizaci\u00f3n l\u00edcita<\/li><\/ol>\n\n\n\n<p>El\/la usuario\/a de esta p\u00e1gina web y de sus servicios se obliga a realizar un uso conforme con las leyes y los usos del tr\u00e1fico, y se abstendr\u00e1 de utilizar la web y sus servicios con fines o efectos il\u00edcitos o que sean lesivos de los derechos e intereses de terceros, o que de cualquier forma puedan da\u00f1ar, inutilizar, sobrecargar o deteriorar la web y los servicios o impedir la normal utilizaci\u00f3n o disfrute de la web y de los servicios por parte de los usuarios. Quienes incumplan dicha obligaci\u00f3n responder\u00e1n, frente a Corfusa Ingenier\u00eda y Obras, S.L. y frente a terceros, de cualesquiera da\u00f1os y perjuicios que pudieran causarse como consecuencia del incumplimiento de dicha obligaci\u00f3n.<\/p>\n\n\n\n<ol type=\"1\"><li>b) Garant\u00eda de errores<\/li><\/ol>\n\n\n\n<p>Corfusa Ingenier\u00eda y Obras, S.L. no garantiza la inexistencia de errores en el acceso a la web, o en su contenido; en el caso de que se citen o reproduzcan publicaciones de car\u00e1cter oficial, dicha reproducci\u00f3n tendr\u00e1 car\u00e1cter meramente informativo debiendo considerarse a todos los efectos como v\u00e1lida la publicaci\u00f3n en su bolet\u00edn o fuente oficial correspondiente.<\/p>\n\n\n\n<ol type=\"1\"><li>c) Disponibilidad del servicio<\/li><\/ol>\n\n\n\n<p>Corfusa Ingenier\u00eda y Obras, S.L. se reserva la facultad de efectuar, en cualquier momento y sin necesidad de previo aviso, modificaciones y actualizaciones sobre la informaci\u00f3n contenida en su web o en su configuraci\u00f3n o presentaci\u00f3n.<\/p>\n\n\n\n<p>Corfusa Ingenier\u00eda y Obras, S.L. no garantiza la disponibilidad y continuidad del funcionamiento de la web y de los servicios. Cuando ello sea razonablemente posible, se advertir\u00e1 previamente las interrupciones en el funcionamiento de la web y de los servicios.<\/p>\n\n\n\n<p>Corfusa Ingenier\u00eda y Obras, S.L. excluye cualquier responsabilidad por los da\u00f1os y perjuicios de toda naturaleza que puedan deberse a la falta de disponibilidad o de continuidad del funcionamiento de la web y de los servicios, a la defraudaci\u00f3n de la utilidad que los usuarios hubieren podido atribuir a la web y a los servicios, a la falibilidad de la web y de los servicios, y en particular, aunque no de modo exclusivo, a los fallos en el acceso a las distintas p\u00e1ginas web o a aquellas desde las que se prestan los servicios.<\/p>\n\n\n\n<p>Responsabilidad por el uso de la informaci\u00f3n contenida<\/p>\n\n\n\n<p>El\/la usuario\/a es consciente y acepta voluntariamente que el uso de la web, de los servicios y de los contenidos tiene lugar, en todo caso, bajo su \u00fanica y exclusiva responsabilidad. Tanto el acceso a la web, como el uso que pueda hacerse de la informaci\u00f3n contenida en el mismo son de la exclusiva responsabilidad de quien lo realiza. Corfusa Ingenier\u00eda y Obras, S.L. no responder\u00e1 de ninguna consecuencia, da\u00f1o o perjuicio que pudieran derivarse de dicho acceso o uso de informaci\u00f3n ni de la aplicaci\u00f3n que de ellos se realice para apoyar cualquier opini\u00f3n o decisi\u00f3n personal o empresarial. Corfusa Ingenier\u00eda y Obras, S.L. no asume responsabilidad alguna derivada de la conexi\u00f3n o contenidos de los enlaces de terceros a los que se hace referencia en la web.<\/p>\n\n\n\n<p>Propiedad intelectual<\/p>\n\n\n\n<p>Los derechos de propiedad intelectual de la web, as\u00ed como de sus distintos contenidos son titularidad de Corfusa Ingenier\u00eda y Obras, S.L. Queda terminantemente prohibido realizar cualquier alteraci\u00f3n de esta p\u00e1gina. Corfusa Ingenier\u00eda y Obras, S.L. no asume ninguna responsabilidad que se pueda derivar de manipulaciones o alteraciones no autorizadas. Corfusa Ingenier\u00eda y Obras, S.L. no concede ninguna licencia o autorizaci\u00f3n de uso de ning\u00fan tipo sobre sus derechos de propiedad industrial e intelectual o sobre cualquier otra propiedad o derecho relacionado con la web, los servicios o los contenidos.<\/p>\n\n\n\n<p>Queda prohibida la reproducci\u00f3n total o parcial de los contenidos de esta web sin citar su origen o sin solicitar autorizaci\u00f3n expresa para ello. La utilizaci\u00f3n no autorizada de la informaci\u00f3n contenida en esta web, as\u00ed como los perjuicios ocasionados en los derechos de propiedad intelectual e industrial de Corfusa Ingenier\u00eda y Obras, S.L. dar\u00e1 lugar al ejercicio de las acciones que correspondan y, en su caso, a las responsabilidades que de dicho ejercicio se deriven.<\/p>\n\n\n\n<p>Protecci\u00f3n de Datos de Car\u00e1cter Personal<\/p>\n\n\n\n<p>En los supuestos en los que para acceder a alguna de las p\u00e1ginas o servicios de Corfusa Ingenier\u00eda y Obras, S.L. sea necesaria la recogida de datos de car\u00e1cter personal, se informa que los mismos ser\u00e1n tratados de conformidad con lo establecido en la normativa vigente relativa a la Protecci\u00f3n de Datos de Car\u00e1cter Personal y dem\u00e1s normas de desarrollo, conforme a lo establecido en el AVISO DE PRIVACIDAD DE ESTA WEB y al consentimiento que el\/la\/los usuarios deben aceptar previamente a efectuar cualquier tipo de comunicaci\u00f3n con Corfusa Ingenier\u00eda y Obras, S.L. desde esta p\u00e1gina web.<\/p>\n\n\n\n<p>En el caso de que nos facilite su direcci\u00f3n de correo electr\u00f3nico, se entiende que est\u00e1 prestando el consentimiento y aceptando este AVISO LEGAL y el AVISO DE PRIVACIDAD, para que la misma sea utilizada para el env\u00edo de comunicaciones relacionadas con los servicios prestados o a prestar y responder a sus consultas o peticiones por Corfusa Ingenier\u00eda y Obras, S.L.<\/p>\n\n\n\n<p>Ley aplicable y jurisdicci\u00f3n<\/p>\n\n\n\n<p>La utilizaci\u00f3n de esta p\u00e1gina web se rige por la ley espa\u00f1ola, con independencia del entorno legal del\/de la usuario\/a. Cualquier disputa que pueda surgir en la interpretaci\u00f3n de estas condiciones se resolver\u00e1 en los tribunales del lugar donde tenga fijada su actividad Corfusa Ingenier\u00eda y Obras, S.L.<\/p>\n","protected":false},"excerpt":{"rendered":"<p>Esta web ha sido creada por Corfusa Ingenier\u00eda y Obras, S.L. con car\u00e1cter informativo para su uso personal y gratuito. Corfusa Ingenier\u00eda y Obras, S.L. en cumplimiento de la normativa vigente en materia de protecci\u00f3n de datos de car\u00e1cter personal Ley Org\u00e1nica 3\/2018 y en concordancia con lo expresado en el Reglamento (RGPDUE) 2016\/679 del&hellip;&nbsp;<a href=\"https:\/\/www.corfusa.es\/index.php\/aviso-legal\/\" class=\"\" rel=\"bookmark\">Leer m\u00e1s &raquo;<span class=\"screen-reader-text\">Aviso legal<\/span><\/a><\/p>\n","protected":false},"author":1,"featured_media":0,"parent":0,"menu_order":0,"comment_status":"closed","ping_status":"closed","template":"","meta":{"neve_meta_sidebar":"","neve_meta_container":"","neve_meta_enable_content_width":"","neve_meta_content_width":0,"neve_meta_title_alignment":"","neve_meta_author_avatar":"","neve_post_elements_order":"","neve_meta_disable_header":"","neve_meta_disable_footer":"","neve_meta_disable_title":""},"yoast_head":"<!-- This site is optimized with the Yoast SEO plugin v19.13 - https:\/\/yoast.com\/wordpress\/plugins\/seo\/ -->\n<title>Aviso legal - Corfusa Ingenier\u00eda y Obras<\/title>\n<meta name=\"robots\" content=\"index, follow, max-snippet:-1, max-image-preview:large, max-video-preview:-1\" \/>\n<link rel=\"canonical\" href=\"https:\/\/www.corfusa.es\/index.php\/aviso-legal\/\" \/>\n<meta property=\"og:locale\" content=\"es_ES\" \/>\n<meta property=\"og:type\" content=\"article\" \/>\n<meta property=\"og:title\" content=\"Aviso legal - Corfusa Ingenier\u00eda y Obras\" \/>\n<meta property=\"og:description\" content=\"Esta web ha sido creada por Corfusa Ingenier\u00eda y Obras, S.L. con car\u00e1cter informativo para su uso personal y gratuito. Corfusa Ingenier\u00eda y Obras, S.L. en cumplimiento de la normativa vigente en materia de protecci\u00f3n de datos de car\u00e1cter personal Ley Org\u00e1nica 3\/2018 y en concordancia con lo expresado en el Reglamento (RGPDUE) 2016\/679 del&hellip;&nbsp;Leer m\u00e1s &raquo;Aviso legal\" \/>\n<meta property=\"og:url\" content=\"https:\/\/www.corfusa.es\/index.php\/aviso-legal\/\" \/>\n<meta property=\"og:site_name\" content=\"Corfusa Ingenier\u00eda y Obras\" \/>\n<meta property=\"article:modified_time\" content=\"2022-05-19T11:54:37+00:00\" \/>\n<meta name=\"twitter:card\" content=\"summary_large_image\" \/>\n<meta name=\"twitter:label1\" content=\"Tiempo de lectura\" \/>\n\t<meta name=\"twitter:data1\" content=\"5 minutos\" \/>\n<script type=\"application\/ld+json\" class=\"yoast-schema-graph\">{\"@context\":\"https:\/\/schema.org\",\"@graph\":[{\"@type\":\"WebPage\",\"@id\":\"https:\/\/www.corfusa.es\/index.php\/aviso-legal\/\",\"url\":\"https:\/\/www.corfusa.es\/index.php\/aviso-legal\/\",\"name\":\"Aviso legal - Corfusa Ingenier\u00eda y Obras\",\"isPartOf\":{\"@id\":\"https:\/\/www.corfusa.es\/#website\"},\"datePublished\":\"2022-05-19T11:54:36+00:00\",\"dateModified\":\"2022-05-19T11:54:37+00:00\",\"breadcrumb\":{\"@id\":\"https:\/\/www.corfusa.es\/index.php\/aviso-legal\/#breadcrumb\"},\"inLanguage\":\"es\",\"potentialAction\":[{\"@type\":\"ReadAction\",\"target\":[\"https:\/\/www.corfusa.es\/index.php\/aviso-legal\/\"]}]},{\"@type\":\"BreadcrumbList\",\"@id\":\"https:\/\/www.corfusa.es\/index.php\/aviso-legal\/#breadcrumb\",\"itemListElement\":[{\"@type\":\"ListItem\",\"position\":1,\"name\":\"Portada\",\"item\":\"https:\/\/www.corfusa.es\/\"},{\"@type\":\"ListItem\",\"position\":2,\"name\":\"Aviso legal\"}]},{\"@type\":\"WebSite\",\"@id\":\"https:\/\/www.corfusa.es\/#website\",\"url\":\"https:\/\/www.corfusa.es\/\",\"name\":\"Corfusa Ingenier\u00eda y Obras\",\"description\":\"\",\"publisher\":{\"@id\":\"https:\/\/www.corfusa.es\/#organization\"},\"potentialAction\":[{\"@type\":\"SearchAction\",\"target\":{\"@type\":\"EntryPoint\",\"urlTemplate\":\"https:\/\/www.corfusa.es\/?s={search_term_string}\"},\"query-input\":\"required name=search_term_string\"}],\"inLanguage\":\"es\"},{\"@type\":\"Organization\",\"@id\":\"https:\/\/www.corfusa.es\/#organization\",\"name\":\"Corfusa Ingenier\u00eda y Obras\",\"url\":\"https:\/\/www.corfusa.es\/\",\"logo\":{\"@type\":\"ImageObject\",\"inLanguage\":\"es\",\"@id\":\"https:\/\/www.corfusa.es\/#\/schema\/logo\/image\/\",\"url\":\"https:\/\/www.corfusa.es\/wp-content\/uploads\/2022\/04\/Captura.jpg\",\"contentUrl\":\"https:\/\/www.corfusa.es\/wp-content\/uploads\/2022\/04\/Captura.jpg\",\"width\":647,\"height\":593,\"caption\":\"Corfusa Ingenier\u00eda y Obras\"},\"image\":{\"@id\":\"https:\/\/www.corfusa.es\/#\/schema\/logo\/image\/\"}}]}<\/script>\n<!-- \/ Yoast SEO plugin. -->","yoast_head_json":{"title":"Aviso legal - Corfusa Ingenier\u00eda y Obras","robots":{"index":"index","follow":"follow","max-snippet":"max-snippet:-1","max-image-preview":"max-image-preview:large","max-video-preview":"max-video-preview:-1"},"canonical":"https:\/\/www.corfusa.es\/index.php\/aviso-legal\/","og_locale":"es_ES","og_type":"article","og_title":"Aviso legal - Corfusa Ingenier\u00eda y Obras","og_description":"Esta web ha sido creada por Corfusa Ingenier\u00eda y Obras, S.L. con car\u00e1cter informativo para su uso personal y gratuito. Corfusa Ingenier\u00eda y Obras, S.L. en cumplimiento de la normativa vigente en materia de protecci\u00f3n de datos de car\u00e1cter personal Ley Org\u00e1nica 3\/2018 y en concordancia con lo expresado en el Reglamento (RGPDUE) 2016\/679 del&hellip;&nbsp;Leer m\u00e1s &raquo;Aviso legal","og_url":"https:\/\/www.corfusa.es\/index.php\/aviso-legal\/","og_site_name":"Corfusa Ingenier\u00eda y Obras","article_modified_time":"2022-05-19T11:54:37+00:00","twitter_card":"summary_large_image","twitter_misc":{"Tiempo de lectura":"5 minutos"},"schema":{"@context":"https:\/\/schema.org","@graph":[{"@type":"WebPage","@id":"https:\/\/www.corfusa.es\/index.php\/aviso-legal\/","url":"https:\/\/www.corfusa.es\/index.php\/aviso-legal\/","name":"Aviso legal - Corfusa Ingenier\u00eda y Obras","isPartOf":{"@id":"https:\/\/www.corfusa.es\/#website"},"datePublished":"2022-05-19T11:54:36+00:00","dateModified":"2022-05-19T11:54:37+00:00","breadcrumb":{"@id":"https:\/\/www.corfusa.es\/index.php\/aviso-legal\/#breadcrumb"},"inLanguage":"es","potentialAction":[{"@type":"ReadAction","target":["https:\/\/www.corfusa.es\/index.php\/aviso-legal\/"]}]},{"@type":"BreadcrumbList","@id":"https:\/\/www.corfusa.es\/index.php\/aviso-legal\/#breadcrumb","itemListElement":[{"@type":"ListItem","position":1,"name":"Portada","item":"https:\/\/www.corfusa.es\/"},{"@type":"ListItem","position":2,"name":"Aviso legal"}]},{"@type":"WebSite","@id":"https:\/\/www.corfusa.es\/#website","url":"https:\/\/www.corfusa.es\/","name":"Corfusa Ingenier\u00eda y Obras","description":"","publisher":{"@id":"https:\/\/www.corfusa.es\/#organization"},"potentialAction":[{"@type":"SearchAction","target":{"@type":"EntryPoint","urlTemplate":"https:\/\/www.corfusa.es\/?s={search_term_string}"},"query-input":"required name=search_term_string"}],"inLanguage":"es"},{"@type":"Organization","@id":"https:\/\/www.corfusa.es\/#organization","name":"Corfusa Ingenier\u00eda y Obras","url":"https:\/\/www.corfusa.es\/","logo":{"@type":"ImageObject","inLanguage":"es","@id":"https:\/\/www.corfusa.es\/#\/schema\/logo\/image\/","url":"https:\/\/www.corfusa.es\/wp-content\/uploads\/2022\/04\/Captura.jpg","contentUrl":"https:\/\/www.corfusa.es\/wp-content\/uploads\/2022\/04\/Captura.jpg","width":647,"height":593,"caption":"Corfusa Ingenier\u00eda y Obras"},"image":{"@id":"https:\/\/www.corfusa.es\/#\/schema\/logo\/image\/"}}]}},"_links":{"self":[{"href":"https:\/\/www.corfusa.es\/index.php\/wp-json\/wp\/v2\/pages\/306"}],"collection":[{"href":"https:\/\/www.corfusa.es\/index.php\/wp-json\/wp\/v2\/pages"}],"about":[{"href":"https:\/\/www.corfusa.es\/index.php\/wp-json\/wp\/v2\/types\/page"}],"author":[{"embeddable":true,"href":"https:\/\/www.corfusa.es\/index.php\/wp-json\/wp\/v2\/users\/1"}],"replies":[{"embeddable":true,"href":"https:\/\/www.corfusa.es\/index.php\/wp-json\/wp\/v2\/comments?post=306"}],"version-history":[{"count":2,"href":"https:\/\/www.corfusa.es\/index.php\/wp-json\/wp\/v2\/pages\/306\/revisions"}],"predecessor-version":[{"id":312,"href":"https:\/\/www.corfusa.es\/index.php\/wp-json\/wp\/v2\/pages\/306\/revisions\/312"}],"wp:attachment":[{"href":"https:\/\/www.corfusa.es\/index.php\/wp-json\/wp\/v2\/media?parent=306"}],"curies":[{"name":"wp","href":"https:\/\/api.w.org\/{rel}","templated":true}]}}