{"id":303,"date":"2022-05-19T11:40:55","date_gmt":"2022-05-19T11:40:55","guid":{"rendered":"https:\/\/www.corfusa.es\/?page_id=303"},"modified":"2022-05-19T11:40:55","modified_gmt":"2022-05-19T11:40:55","slug":"politica-de-cookies","status":"publish","type":"page","link":"https:\/\/www.corfusa.es\/index.php\/politica-de-cookies\/","title":{"rendered":"Pol\u00edtica de cookies"},"content":{"rendered":"\n<h3><strong>\u00bfQu\u00e9 son las cookies?<\/strong><\/h3>\n\n\n\n<p>Las cookies son datos acerca del usuario de un sitio Web que se almacenan en el ordenador del usuario y se recupera la informaci\u00f3n cuando navegas al visitar el mismo sitio web.<\/p>\n\n\n\n<p>Hay diversos tipos de cookies, seg\u00fan quien que las gestiona, y el equipo o dominio desde donde se env\u00edan las cookies y traten los datos que se obtengan, podemos saber o distinguir entre ellas:<\/p>\n\n\n\n<p><strong><u>Cookies propias<\/u><\/strong>: Son aquellas que se env\u00edan al equipo terminal del usuario desde un equipo o dominio gestionado por el propio editor y desde el que se presta el servicio solicitado por el usuario.<\/p>\n\n\n\n<p><strong><u>Cookies de terceros<\/u><\/strong>: Son aquellas que se env\u00edan al equipo terminal del usuario desde un equipo o dominio que no es gestionado por el editor, sino por otra entidad que trata los datos obtenidos trav\u00e9s de las cookies.<\/p>\n\n\n\n<p>En el caso de que las cookies sean instaladas desde un equipo o dominio gestionado por el propio editor, pero la informaci\u00f3n que se recoja mediante \u00e9stas sea gestionada por un tercero, no pueden ser consideradas como cookies propias.<\/p>\n\n\n\n<h3><strong>Consentimiento<\/strong><\/h3>\n\n\n\n<p>Solo utilizaremos cookies a condici\u00f3n de que des tu consentimiento, salvo en los supuestos en los que las cookies sean necesarias para el funcionamiento de nuestro sitio web y los servicios en \u00e9l ofrecidos.&nbsp;<\/p>\n\n\n\n<h3><strong>Tipos de cookies seg\u00fan el plazo de tiempo que permanecen activadas<\/strong><\/h3>\n\n\n\n<p>Seg\u00fan el plazo de tiempo que permanecen activadas en el equipo terminal podemos distinguir:<\/p>\n\n\n\n<p><strong><u>Cookies de sesi\u00f3n<\/u><\/strong>: Son un tipo de cookies dise\u00f1adas para recabar y almacenar datos mientras el usuario accede a una p\u00e1gina web. Se suelen emplear para almacenar informaci\u00f3n que solo interesa conservar para la prestaci\u00f3n del servicio solicitado por el usuario en una sola ocasi\u00f3n (por ej. una lista de productos adquiridos).<\/p>\n\n\n\n<p><strong><u>Cookies persistentes<\/u><\/strong>: Son un tipo de cookies en el que los datos siguen almacenados en el terminal y pueden ser accedidos y tratados durante un periodo definido por el responsable de la cookie, y que puede ir de unos minutos a varios a\u00f1os.<\/p>\n\n\n\n<h3><strong>Tipos de cookies seg\u00fan su finalidad<\/strong><\/h3>\n\n\n\n<p>Seg\u00fan la finalidad para la que se traten los datos obtenidos a trav\u00e9s de las cookies, podemos distinguir entre:<\/p>\n\n\n\n<p><strong><u>Cookies t\u00e9cnicas<\/u><\/strong>: Son aqu\u00e9llas que permiten al usuario la navegaci\u00f3n a trav\u00e9s de una p\u00e1gina web, plataforma o aplicaci\u00f3n y la utilizaci\u00f3n de las diferentes opciones o servicios que en ella existan como, por ejemplo, controlar el tr\u00e1fico y la comunicaci\u00f3n de datos, identificar la sesi\u00f3n, acceder a partes de acceso restringido, recordar los elementos que integran un pedido, realizar el proceso de compra de un pedido, realizar la solicitud de inscripci\u00f3n o participaci\u00f3n en un evento, utilizar elementos de seguridad durante la navegaci\u00f3n, almacenar contenidos para la difusi\u00f3n de v\u00eddeos o sonido o compartir contenidos a trav\u00e9s de redes sociales.<\/p>\n\n\n\n<p><strong><u>Cookies de preferencias o personalizaci\u00f3n<\/u><\/strong>: Son aqu\u00e9llas que permiten al usuario acceder al servicio con algunas caracter\u00edsticas de car\u00e1cter general predefinidas en funci\u00f3n de una serie de criterios en el terminal del usuario como por ejemplo serian el idioma, el tipo de navegador a trav\u00e9s del cual accede al servicio, la configuraci\u00f3n regional desde donde accede al servicio, etc.<\/p>\n\n\n\n<p><strong><u>Cookies de an\u00e1lisis o medici\u00f3n<\/u><\/strong>: Son aqu\u00e9llas que permiten al responsable de las mismas, el seguimiento y an\u00e1lisis del comportamiento de los usuarios de los sitios web a los que est\u00e1n vinculadas. La informaci\u00f3n recogida mediante este tipo de cookies se utiliza en la medici\u00f3n de la actividad de los sitios web, aplicaci\u00f3n o plataforma y para la elaboraci\u00f3n de perfiles de navegaci\u00f3n de los usuarios de dichos sitios, aplicaciones y plataformas, con el fin de introducir mejoras en funci\u00f3n del an\u00e1lisis de los datos de uso que hacen los usuarios del servicio.<\/p>\n\n\n\n<p><strong><u>Cookies publicitarias<\/u><\/strong>: Son aquellas que permiten la gesti\u00f3n, de la forma m\u00e1s eficaz posible, de los espacios publicitarios que, en su caso, el editor haya incluido en una p\u00e1gina web, aplicaci\u00f3n o plataforma desde la que presta el servicio solicitado en base a criterios como el contenido editado o la frecuencia en la que se muestran los anuncios.<\/p>\n\n\n\n<p><strong><u>Cookies de publicidad comportamental<\/u><\/strong>: Son aquellas que permiten la gesti\u00f3n, de la forma m\u00e1s eficaz posible, de los espacios publicitarios que, en su caso, el editor haya incluido en una p\u00e1gina web, aplicaci\u00f3n o plataforma desde la que presta el servicio solicitado. Estas cookies almacenan informaci\u00f3n del comportamiento de los usuarios obtenida a trav\u00e9s de la observaci\u00f3n continuada de sus h\u00e1bitos de navegaci\u00f3n, lo que permite desarrollar un perfil espec\u00edfico para mostrar publicidad en funci\u00f3n del mismo.<\/p>\n\n\n\n<h3><strong>Cookies utilizadas<\/strong><\/h3>\n\n\n\n<p>Esta web utiliza la informaci\u00f3n recopilada a trav\u00e9s de los siguientes tipos de cookies para mejorar los contenidos y el uso de este sitio Web:<\/p>\n\n\n\n<h4><strong>Cookies necesarias<\/strong><\/h4>\n\n\n\n<p>Las cookies necesarias son absolutamente esenciales para que el sitio web funcione correctamente. Estas cookies garantizan funcionalidades b\u00e1sicas y caracter\u00edsticas de seguridad del sitio web, de forma an\u00f3nima.<\/p>\n\n\n\n<h4><strong>Cookies funcionales<\/strong><\/h4>\n\n\n\n<p>PeLas cookies funcionales ayudan a realizar ciertas funciones, como compartir el contenido del sitio web en plataformas de redes sociales, recopilar comentarios y otras funciones de terceros.<\/p>\n\n\n\n<h4><strong>Cookies de rendimiento<\/strong><\/h4>\n\n\n\n<p>Las cookies de rendimiento se utilizan para comprender y analizar los \u00edndices clave de rendimiento del sitio web, lo que ayuda a brindar una mejor experiencia de usuario a los visitantes.<\/p>\n\n\n\n<h4><strong>Cookies anal\u00edticas<\/strong><\/h4>\n\n\n\n<p>Las cookies anal\u00edticas se utilizan para comprender c\u00f3mo interact\u00faan los visitantes con el sitio web. Estas cookies ayudan a proporcionar informaci\u00f3n sobre m\u00e9tricas, el n\u00famero de visitantes, la tasa de rebote, la fuente de tr\u00e1fico, etc.<\/p>\n\n\n\n<h4><strong>Cookies publicitarias<\/strong><\/h4>\n\n\n\n<p>Las cookies publicitarias se utilizan para proporcionar a los visitantes anuncios y campa\u00f1as de marketing relevantes. Estas cookies rastrean a los visitantes en los sitios web y recopilan informaci\u00f3n para proporcionar anuncios personalizados.<\/p>\n\n\n\n<h4>Otras c<strong>ookies<\/strong><\/h4>\n\n\n\n<p>Otras cookies no categorizadas son aquellas que est\u00e1n siendo analizadas y a\u00fan no han sido clasificadas en una categor\u00eda.<\/p>\n\n\n\n<h3><strong>Desactivaci\u00f3n y eliminaci\u00f3n de cookies<\/strong><\/h3>\n\n\n\n<p>Para ello debe saber que los navegadores permiten, bloquear, restringir e incluso borrar las cookies. Todos los navegadores tienen una configuraci\u00f3n para ello, y puede hacerlo siguiendo uno de los siguientes procedimientos que se detallan a continuaci\u00f3n:<\/p>\n\n\n\n<p>&#8211;&nbsp;<a href=\"https:\/\/support.google.com\/accounts\/answer\/32050?co=GENIE.Platform%3DDesktop&amp;hl=es\">Google Chrome<\/a><br>&#8211;&nbsp;<a href=\"https:\/\/support.mozilla.org\/es\/kb\/Borrar%20cookies\">Mozilla Firefox<\/a><br>&#8211;&nbsp;<a href=\"https:\/\/support.apple.com\/es-es\/guide\/safari\/sfri11471\/mac\">Apple Safari<\/a><br>&#8211;&nbsp;<a href=\"https:\/\/support.microsoft.com\/es-es\/help\/4027947\/microsoft-edge-delete-cookies\">Microsoft Edge<\/a><br><\/p>\n\n\n\n<p>Algunos terceros tambi\u00e9n ofrecen sistemas de rechazo (opt-out) u otras soluciones para&nbsp;evitar el uso de los datos recogidos a trav\u00e9s de sus cookies:<br>Facebook:<a href=\"https:\/\/www.facebook.com\/ds\/preferences\/edit\/\">&nbsp;preferencias de anuncios<\/a>&nbsp;y&nbsp;<a href=\"https:\/\/www.facebook.com\/ds\/preferences\/?entry_product=ad_settings_screen&amp;expand_ad_settings=1\">configuraci\u00f3n de anuncios<\/a><\/p>\n\n\n\n<p>Google:&nbsp;<a href=\"https:\/\/tools.google.com\/dlpage\/gaoptout?hl=None\">Complemento de inhabilitaci\u00f3n de Google Analytics<\/a>,&nbsp;<a href=\"https:\/\/adssettings.google.com\/anonymous?hl=es&amp;sig=ACi0TCh0_sU5YkMchmdVGTOuXOXbgmAYE5i1nqZ1endIPtsxx73Ur3Imw-gxRxQTFmFrCL15oD03oaDM8XyA9DejRLFq2otU-4UxhGO5d4y457MJOtxgoA4\">desactivar personalizaci\u00f3n&nbsp;<\/a><a href=\"https:\/\/adssettings.google.com\/anonymous?hl=es&amp;sig=ACi0TCh0_sU5YkMchmdVGTOuXOXbgmAYE5i1nqZ1endIPtsxx73Ur3Imw-gxRxQTFmFrCL15oD03oaDM8XyA9DejRLFq2otU-4UxhGO5d4y457MJOtxgoA4\">de anuncios<\/a>&nbsp;y&nbsp;<a href=\"https:\/\/chrome.google.com\/webstore\/detail\/iba-opt-out-by-google\/gbiekjoijknlhijdjbaadobpkdhmoebb?hl=es\">extensi\u00f3n de Google Chrome para opt-out de las cookies publicitarias de DoubleClick<\/a><\/p>\n\n\n\n<p>Por \u00faltimo, debes tener presente que la desactivaci\u00f3n o eliminaci\u00f3n de determinadas cookies podr\u00eda causar que algunas caracter\u00edsticas o funcionalidades de nuestra p\u00e1gina web puedan quedar inoperativas, o bien no te podamos ofrecer servicios personalizados.\u200b<\/p>\n","protected":false},"excerpt":{"rendered":"<p>\u00bfQu\u00e9 son las cookies? Las cookies son datos acerca del usuario de un sitio Web que se almacenan en el ordenador del usuario y se recupera la informaci\u00f3n cuando navegas al visitar el mismo sitio web. Hay diversos tipos de cookies, seg\u00fan quien que las gestiona, y el equipo o dominio desde donde se env\u00edan&hellip;&nbsp;<a href=\"https:\/\/www.corfusa.es\/index.php\/politica-de-cookies\/\" class=\"\" rel=\"bookmark\">Leer m\u00e1s &raquo;<span class=\"screen-reader-text\">Pol\u00edtica de cookies<\/span><\/a><\/p>\n","protected":false},"author":1,"featured_media":0,"parent":0,"menu_order":0,"comment_status":"closed","ping_status":"closed","template":"","meta":{"neve_meta_sidebar":"","neve_meta_container":"","neve_meta_enable_content_width":"","neve_meta_content_width":0,"neve_meta_title_alignment":"","neve_meta_author_avatar":"","neve_post_elements_order":"","neve_meta_disable_header":"","neve_meta_disable_footer":"","neve_meta_disable_title":""},"yoast_head":"<!-- This site is optimized with the Yoast SEO plugin v19.13 - https:\/\/yoast.com\/wordpress\/plugins\/seo\/ -->\n<title>Pol\u00edtica de cookies - Corfusa Ingenier\u00eda y Obras<\/title>\n<meta name=\"robots\" content=\"index, follow, max-snippet:-1, max-image-preview:large, max-video-preview:-1\" \/>\n<link rel=\"canonical\" href=\"https:\/\/www.corfusa.es\/index.php\/politica-de-cookies\/\" \/>\n<meta property=\"og:locale\" content=\"es_ES\" \/>\n<meta property=\"og:type\" content=\"article\" \/>\n<meta property=\"og:title\" content=\"Pol\u00edtica de cookies - Corfusa Ingenier\u00eda y Obras\" \/>\n<meta property=\"og:description\" content=\"\u00bfQu\u00e9 son las cookies? Las cookies son datos acerca del usuario de un sitio Web que se almacenan en el ordenador del usuario y se recupera la informaci\u00f3n cuando navegas al visitar el mismo sitio web. Hay diversos tipos de cookies, seg\u00fan quien que las gestiona, y el equipo o dominio desde donde se env\u00edan&hellip;&nbsp;Leer m\u00e1s &raquo;Pol\u00edtica de cookies\" \/>\n<meta property=\"og:url\" content=\"https:\/\/www.corfusa.es\/index.php\/politica-de-cookies\/\" \/>\n<meta property=\"og:site_name\" content=\"Corfusa Ingenier\u00eda y Obras\" \/>\n<meta name=\"twitter:card\" content=\"summary_large_image\" \/>\n<meta name=\"twitter:label1\" content=\"Tiempo de lectura\" \/>\n\t<meta name=\"twitter:data1\" content=\"6 minutos\" \/>\n<script type=\"application\/ld+json\" class=\"yoast-schema-graph\">{\"@context\":\"https:\/\/schema.org\",\"@graph\":[{\"@type\":\"WebPage\",\"@id\":\"https:\/\/www.corfusa.es\/index.php\/politica-de-cookies\/\",\"url\":\"https:\/\/www.corfusa.es\/index.php\/politica-de-cookies\/\",\"name\":\"Pol\u00edtica de cookies - Corfusa Ingenier\u00eda y Obras\",\"isPartOf\":{\"@id\":\"https:\/\/www.corfusa.es\/#website\"},\"datePublished\":\"2022-05-19T11:40:55+00:00\",\"dateModified\":\"2022-05-19T11:40:55+00:00\",\"breadcrumb\":{\"@id\":\"https:\/\/www.corfusa.es\/index.php\/politica-de-cookies\/#breadcrumb\"},\"inLanguage\":\"es\",\"potentialAction\":[{\"@type\":\"ReadAction\",\"target\":[\"https:\/\/www.corfusa.es\/index.php\/politica-de-cookies\/\"]}]},{\"@type\":\"BreadcrumbList\",\"@id\":\"https:\/\/www.corfusa.es\/index.php\/politica-de-cookies\/#breadcrumb\",\"itemListElement\":[{\"@type\":\"ListItem\",\"position\":1,\"name\":\"Portada\",\"item\":\"https:\/\/www.corfusa.es\/\"},{\"@type\":\"ListItem\",\"position\":2,\"name\":\"Pol\u00edtica de cookies\"}]},{\"@type\":\"WebSite\",\"@id\":\"https:\/\/www.corfusa.es\/#website\",\"url\":\"https:\/\/www.corfusa.es\/\",\"name\":\"Corfusa Ingenier\u00eda y Obras\",\"description\":\"\",\"publisher\":{\"@id\":\"https:\/\/www.corfusa.es\/#organization\"},\"potentialAction\":[{\"@type\":\"SearchAction\",\"target\":{\"@type\":\"EntryPoint\",\"urlTemplate\":\"https:\/\/www.corfusa.es\/?s={search_term_string}\"},\"query-input\":\"required name=search_term_string\"}],\"inLanguage\":\"es\"},{\"@type\":\"Organization\",\"@id\":\"https:\/\/www.corfusa.es\/#organization\",\"name\":\"Corfusa Ingenier\u00eda y Obras\",\"url\":\"https:\/\/www.corfusa.es\/\",\"logo\":{\"@type\":\"ImageObject\",\"inLanguage\":\"es\",\"@id\":\"https:\/\/www.corfusa.es\/#\/schema\/logo\/image\/\",\"url\":\"https:\/\/www.corfusa.es\/wp-content\/uploads\/2022\/04\/Captura.jpg\",\"contentUrl\":\"https:\/\/www.corfusa.es\/wp-content\/uploads\/2022\/04\/Captura.jpg\",\"width\":647,\"height\":593,\"caption\":\"Corfusa Ingenier\u00eda y Obras\"},\"image\":{\"@id\":\"https:\/\/www.corfusa.es\/#\/schema\/logo\/image\/\"}}]}<\/script>\n<!-- \/ Yoast SEO plugin. -->","yoast_head_json":{"title":"Pol\u00edtica de cookies - Corfusa Ingenier\u00eda y Obras","robots":{"index":"index","follow":"follow","max-snippet":"max-snippet:-1","max-image-preview":"max-image-preview:large","max-video-preview":"max-video-preview:-1"},"canonical":"https:\/\/www.corfusa.es\/index.php\/politica-de-cookies\/","og_locale":"es_ES","og_type":"article","og_title":"Pol\u00edtica de cookies - Corfusa Ingenier\u00eda y Obras","og_description":"\u00bfQu\u00e9 son las cookies? Las cookies son datos acerca del usuario de un sitio Web que se almacenan en el ordenador del usuario y se recupera la informaci\u00f3n cuando navegas al visitar el mismo sitio web. Hay diversos tipos de cookies, seg\u00fan quien que las gestiona, y el equipo o dominio desde donde se env\u00edan&hellip;&nbsp;Leer m\u00e1s &raquo;Pol\u00edtica de cookies","og_url":"https:\/\/www.corfusa.es\/index.php\/politica-de-cookies\/","og_site_name":"Corfusa Ingenier\u00eda y Obras","twitter_card":"summary_large_image","twitter_misc":{"Tiempo de lectura":"6 minutos"},"schema":{"@context":"https:\/\/schema.org","@graph":[{"@type":"WebPage","@id":"https:\/\/www.corfusa.es\/index.php\/politica-de-cookies\/","url":"https:\/\/www.corfusa.es\/index.php\/politica-de-cookies\/","name":"Pol\u00edtica de cookies - Corfusa Ingenier\u00eda y Obras","isPartOf":{"@id":"https:\/\/www.corfusa.es\/#website"},"datePublished":"2022-05-19T11:40:55+00:00","dateModified":"2022-05-19T11:40:55+00:00","breadcrumb":{"@id":"https:\/\/www.corfusa.es\/index.php\/politica-de-cookies\/#breadcrumb"},"inLanguage":"es","potentialAction":[{"@type":"ReadAction","target":["https:\/\/www.corfusa.es\/index.php\/politica-de-cookies\/"]}]},{"@type":"BreadcrumbList","@id":"https:\/\/www.corfusa.es\/index.php\/politica-de-cookies\/#breadcrumb","itemListElement":[{"@type":"ListItem","position":1,"name":"Portada","item":"https:\/\/www.corfusa.es\/"},{"@type":"ListItem","position":2,"name":"Pol\u00edtica de cookies"}]},{"@type":"WebSite","@id":"https:\/\/www.corfusa.es\/#website","url":"https:\/\/www.corfusa.es\/","name":"Corfusa Ingenier\u00eda y Obras","description":"","publisher":{"@id":"https:\/\/www.corfusa.es\/#organization"},"potentialAction":[{"@type":"SearchAction","target":{"@type":"EntryPoint","urlTemplate":"https:\/\/www.corfusa.es\/?s={search_term_string}"},"query-input":"required name=search_term_string"}],"inLanguage":"es"},{"@type":"Organization","@id":"https:\/\/www.corfusa.es\/#organization","name":"Corfusa Ingenier\u00eda y Obras","url":"https:\/\/www.corfusa.es\/","logo":{"@type":"ImageObject","inLanguage":"es","@id":"https:\/\/www.corfusa.es\/#\/schema\/logo\/image\/","url":"https:\/\/www.corfusa.es\/wp-content\/uploads\/2022\/04\/Captura.jpg","contentUrl":"https:\/\/www.corfusa.es\/wp-content\/uploads\/2022\/04\/Captura.jpg","width":647,"height":593,"caption":"Corfusa Ingenier\u00eda y Obras"},"image":{"@id":"https:\/\/www.corfusa.es\/#\/schema\/logo\/image\/"}}]}},"_links":{"self":[{"href":"https:\/\/www.corfusa.es\/index.php\/wp-json\/wp\/v2\/pages\/303"}],"collection":[{"href":"https:\/\/www.corfusa.es\/index.php\/wp-json\/wp\/v2\/pages"}],"about":[{"href":"https:\/\/www.corfusa.es\/index.php\/wp-json\/wp\/v2\/types\/page"}],"author":[{"embeddable":true,"href":"https:\/\/www.corfusa.es\/index.php\/wp-json\/wp\/v2\/users\/1"}],"replies":[{"embeddable":true,"href":"https:\/\/www.corfusa.es\/index.php\/wp-json\/wp\/v2\/comments?post=303"}],"version-history":[{"count":2,"href":"https:\/\/www.corfusa.es\/index.php\/wp-json\/wp\/v2\/pages\/303\/revisions"}],"predecessor-version":[{"id":305,"href":"https:\/\/www.corfusa.es\/index.php\/wp-json\/wp\/v2\/pages\/303\/revisions\/305"}],"wp:attachment":[{"href":"https:\/\/www.corfusa.es\/index.php\/wp-json\/wp\/v2\/media?parent=303"}],"curies":[{"name":"wp","href":"https:\/\/api.w.org\/{rel}","templated":true}]}}