{"id":182,"date":"2022-03-29T16:55:12","date_gmt":"2022-03-29T16:55:12","guid":{"rendered":"https:\/\/www.corfusa.es\/?page_id=182"},"modified":"2022-04-21T18:43:43","modified_gmt":"2022-04-21T18:43:43","slug":"reformas-integrales","status":"publish","type":"page","link":"https:\/\/www.corfusa.es\/index.php\/reformas-integrales\/","title":{"rendered":"Reformas integrales"},"content":{"rendered":"\n<div class=\"wp-block-cover aligncenter\" style=\"min-height:600px\"><span aria-hidden=\"true\" class=\"has-nv-dark-bg-background-color has-background-dim-100 wp-block-cover__gradient-background has-background-dim\"><\/span><div class=\"wp-block-cover__inner-container\">\n<div class=\"wp-container-1 wp-block-group\"><div class=\"wp-block-group__inner-container\">\n<div style=\"height:80px\" aria-hidden=\"true\" class=\"wp-block-spacer\"><\/div>\n\n\n\n<div class=\"wp-block-columns are-vertically-aligned-center\">\n<div class=\"wp-block-column is-vertically-aligned-center\" style=\"flex-basis:50%\">\n<h2 class=\"has-nv-text-dark-bg-color has-text-color\">Viviendas y pisos<\/h2>\n\n\n\n<p class=\"has-nv-text-dark-bg-color has-text-color\">Reformas integrales que consiste en la renovaci\u00f3n de todos los elementos que componen la vivienda o piso, desde la redistribuci\u00f3n de las divisiones de estancias, hasta el cambio total de instalaciones bajo normativa (fontaner\u00eda, el\u00e9ctrica&#8230;), y la colocaci\u00f3n de los nuevos acabados.<\/p>\n\n\n\n<div style=\"height:20px\" aria-hidden=\"true\" class=\"wp-block-spacer\"><\/div>\n\n\n\n<div style=\"height:20px\" aria-hidden=\"true\" class=\"wp-block-spacer\"><\/div>\n<\/div>\n\n\n\n<div class=\"wp-block-column is-vertically-aligned-center\" style=\"flex-basis:50%\">\n<figure class=\"wp-block-image size-large\"><img loading=\"lazy\" width=\"1024\" height=\"1024\" src=\"https:\/\/www.corfusa.es\/wp-content\/uploads\/2022\/04\/IMG_20211025_170333-1024x1024.jpg\" alt=\"\" class=\"wp-image-238\" srcset=\"https:\/\/www.corfusa.es\/wp-content\/uploads\/2022\/04\/IMG_20211025_170333-1024x1024.jpg 1024w, https:\/\/www.corfusa.es\/wp-content\/uploads\/2022\/04\/IMG_20211025_170333-300x300.jpg 300w, https:\/\/www.corfusa.es\/wp-content\/uploads\/2022\/04\/IMG_20211025_170333-150x150.jpg 150w, https:\/\/www.corfusa.es\/wp-content\/uploads\/2022\/04\/IMG_20211025_170333-768x768.jpg 768w, https:\/\/www.corfusa.es\/wp-content\/uploads\/2022\/04\/IMG_20211025_170333-1536x1536.jpg 1536w, https:\/\/www.corfusa.es\/wp-content\/uploads\/2022\/04\/IMG_20211025_170333-2048x2048.jpg 2048w\" sizes=\"(max-width: 1024px) 100vw, 1024px\" \/><\/figure>\n<\/div>\n<\/div>\n\n\n\n<div style=\"height:40px\" aria-hidden=\"true\" class=\"wp-block-spacer\"><\/div>\n<\/div><\/div>\n<\/div><\/div>\n\n\n\n<div class=\"wp-block-cover aligncenter\" style=\"min-height:600px\"><span aria-hidden=\"true\" class=\"has-nv-light-bg-background-color has-background-dim-100 wp-block-cover__gradient-background has-background-dim\"><\/span><div class=\"wp-block-cover__inner-container\">\n<div class=\"wp-container-2 wp-block-group\"><div class=\"wp-block-group__inner-container\">\n<div style=\"height:80px\" aria-hidden=\"true\" class=\"wp-block-spacer\"><\/div>\n\n\n\n<div class=\"wp-block-columns are-vertically-aligned-center\">\n<div class=\"wp-block-column is-vertically-aligned-center\" style=\"flex-basis:50%\">\n<figure class=\"wp-block-image size-large\"><img loading=\"lazy\" width=\"1024\" height=\"1024\" src=\"https:\/\/www.corfusa.es\/wp-content\/uploads\/2022\/04\/1649980711341-1-1024x1024.jpg\" alt=\"\" class=\"wp-image-236\" srcset=\"https:\/\/www.corfusa.es\/wp-content\/uploads\/2022\/04\/1649980711341-1-1024x1024.jpg 1024w, https:\/\/www.corfusa.es\/wp-content\/uploads\/2022\/04\/1649980711341-1-300x300.jpg 300w, https:\/\/www.corfusa.es\/wp-content\/uploads\/2022\/04\/1649980711341-1-150x150.jpg 150w, https:\/\/www.corfusa.es\/wp-content\/uploads\/2022\/04\/1649980711341-1-768x768.jpg 768w, https:\/\/www.corfusa.es\/wp-content\/uploads\/2022\/04\/1649980711341-1-1536x1536.jpg 1536w, https:\/\/www.corfusa.es\/wp-content\/uploads\/2022\/04\/1649980711341-1-2048x2048.jpg 2048w\" sizes=\"(max-width: 1024px) 100vw, 1024px\" \/><\/figure>\n<\/div>\n\n\n\n<div class=\"wp-block-column is-vertically-aligned-center\" style=\"flex-basis:50%\">\n<h2 class=\"has-neve-text-color-color has-text-color\">Industrial<\/h2>\n\n\n\n<p class=\"has-neve-text-color-color has-text-color has-medium-font-size\"><\/p>\n\n\n\n<p class=\"has-neve-text-color-color has-text-color\">Reforma de espacios industriales para conseguir una nueva redistribuci\u00f3n, modernizaci\u00f3n de instalaciones y remodelaci\u00f3n de locales comerciales, todo ello para satisfacer las necesidades practicas de cada cliente, poniendo todos los recursos en esa labor. <\/p>\n<\/div>\n<\/div>\n\n\n\n<div style=\"height:40px\" aria-hidden=\"true\" class=\"wp-block-spacer\"><\/div>\n<\/div><\/div>\n<\/div><\/div>\n","protected":false},"excerpt":{"rendered":"","protected":false},"author":1,"featured_media":0,"parent":0,"menu_order":0,"comment_status":"closed","ping_status":"closed","template":"","meta":{"neve_meta_sidebar":"","neve_meta_container":"","neve_meta_enable_content_width":"","neve_meta_content_width":0,"neve_meta_title_alignment":"","neve_meta_author_avatar":"","neve_post_elements_order":"","neve_meta_disable_header":"","neve_meta_disable_footer":"","neve_meta_disable_title":""},"yoast_head":"<!-- This site is optimized with the Yoast SEO plugin v19.13 - https:\/\/yoast.com\/wordpress\/plugins\/seo\/ -->\n<title>Reformas integrales - Corfusa Ingenier\u00eda y Obras<\/title>\n<meta name=\"robots\" content=\"index, follow, max-snippet:-1, max-image-preview:large, max-video-preview:-1\" \/>\n<link rel=\"canonical\" href=\"https:\/\/www.corfusa.es\/index.php\/reformas-integrales\/\" \/>\n<meta property=\"og:locale\" content=\"es_ES\" \/>\n<meta property=\"og:type\" content=\"article\" \/>\n<meta property=\"og:title\" content=\"Reformas integrales - Corfusa Ingenier\u00eda y Obras\" \/>\n<meta property=\"og:url\" content=\"https:\/\/www.corfusa.es\/index.php\/reformas-integrales\/\" \/>\n<meta property=\"og:site_name\" content=\"Corfusa Ingenier\u00eda y Obras\" \/>\n<meta property=\"article:modified_time\" content=\"2022-04-21T18:43:43+00:00\" \/>\n<meta property=\"og:image\" content=\"https:\/\/www.corfusa.es\/wp-content\/uploads\/2022\/04\/IMG_20211025_170333-1024x1024.jpg\" \/>\n<meta name=\"twitter:card\" content=\"summary_large_image\" \/>\n<meta name=\"twitter:label1\" content=\"Tiempo de lectura\" \/>\n\t<meta name=\"twitter:data1\" content=\"1 minuto\" \/>\n<script type=\"application\/ld+json\" class=\"yoast-schema-graph\">{\"@context\":\"https:\/\/schema.org\",\"@graph\":[{\"@type\":\"WebPage\",\"@id\":\"https:\/\/www.corfusa.es\/index.php\/reformas-integrales\/\",\"url\":\"https:\/\/www.corfusa.es\/index.php\/reformas-integrales\/\",\"name\":\"Reformas integrales - Corfusa Ingenier\u00eda y Obras\",\"isPartOf\":{\"@id\":\"https:\/\/www.corfusa.es\/#website\"},\"datePublished\":\"2022-03-29T16:55:12+00:00\",\"dateModified\":\"2022-04-21T18:43:43+00:00\",\"breadcrumb\":{\"@id\":\"https:\/\/www.corfusa.es\/index.php\/reformas-integrales\/#breadcrumb\"},\"inLanguage\":\"es\",\"potentialAction\":[{\"@type\":\"ReadAction\",\"target\":[\"https:\/\/www.corfusa.es\/index.php\/reformas-integrales\/\"]}]},{\"@type\":\"BreadcrumbList\",\"@id\":\"https:\/\/www.corfusa.es\/index.php\/reformas-integrales\/#breadcrumb\",\"itemListElement\":[{\"@type\":\"ListItem\",\"position\":1,\"name\":\"Portada\",\"item\":\"https:\/\/www.corfusa.es\/\"},{\"@type\":\"ListItem\",\"position\":2,\"name\":\"Reformas integrales\"}]},{\"@type\":\"WebSite\",\"@id\":\"https:\/\/www.corfusa.es\/#website\",\"url\":\"https:\/\/www.corfusa.es\/\",\"name\":\"Corfusa Ingenier\u00eda y Obras\",\"description\":\"\",\"publisher\":{\"@id\":\"https:\/\/www.corfusa.es\/#organization\"},\"potentialAction\":[{\"@type\":\"SearchAction\",\"target\":{\"@type\":\"EntryPoint\",\"urlTemplate\":\"https:\/\/www.corfusa.es\/?s={search_term_string}\"},\"query-input\":\"required name=search_term_string\"}],\"inLanguage\":\"es\"},{\"@type\":\"Organization\",\"@id\":\"https:\/\/www.corfusa.es\/#organization\",\"name\":\"Corfusa Ingenier\u00eda y Obras\",\"url\":\"https:\/\/www.corfusa.es\/\",\"logo\":{\"@type\":\"ImageObject\",\"inLanguage\":\"es\",\"@id\":\"https:\/\/www.corfusa.es\/#\/schema\/logo\/image\/\",\"url\":\"https:\/\/www.corfusa.es\/wp-content\/uploads\/2022\/04\/Captura.jpg\",\"contentUrl\":\"https:\/\/www.corfusa.es\/wp-content\/uploads\/2022\/04\/Captura.jpg\",\"width\":647,\"height\":593,\"caption\":\"Corfusa Ingenier\u00eda y Obras\"},\"image\":{\"@id\":\"https:\/\/www.corfusa.es\/#\/schema\/logo\/image\/\"}}]}<\/script>\n<!-- \/ Yoast SEO plugin. -->","yoast_head_json":{"title":"Reformas integrales - Corfusa Ingenier\u00eda y Obras","robots":{"index":"index","follow":"follow","max-snippet":"max-snippet:-1","max-image-preview":"max-image-preview:large","max-video-preview":"max-video-preview:-1"},"canonical":"https:\/\/www.corfusa.es\/index.php\/reformas-integrales\/","og_locale":"es_ES","og_type":"article","og_title":"Reformas integrales - Corfusa Ingenier\u00eda y Obras","og_url":"https:\/\/www.corfusa.es\/index.php\/reformas-integrales\/","og_site_name":"Corfusa Ingenier\u00eda y Obras","article_modified_time":"2022-04-21T18:43:43+00:00","og_image":[{"url":"https:\/\/www.corfusa.es\/wp-content\/uploads\/2022\/04\/IMG_20211025_170333-1024x1024.jpg"}],"twitter_card":"summary_large_image","twitter_misc":{"Tiempo de lectura":"1 minuto"},"schema":{"@context":"https:\/\/schema.org","@graph":[{"@type":"WebPage","@id":"https:\/\/www.corfusa.es\/index.php\/reformas-integrales\/","url":"https:\/\/www.corfusa.es\/index.php\/reformas-integrales\/","name":"Reformas integrales - Corfusa Ingenier\u00eda y Obras","isPartOf":{"@id":"https:\/\/www.corfusa.es\/#website"},"datePublished":"2022-03-29T16:55:12+00:00","dateModified":"2022-04-21T18:43:43+00:00","breadcrumb":{"@id":"https:\/\/www.corfusa.es\/index.php\/reformas-integrales\/#breadcrumb"},"inLanguage":"es","potentialAction":[{"@type":"ReadAction","target":["https:\/\/www.corfusa.es\/index.php\/reformas-integrales\/"]}]},{"@type":"BreadcrumbList","@id":"https:\/\/www.corfusa.es\/index.php\/reformas-integrales\/#breadcrumb","itemListElement":[{"@type":"ListItem","position":1,"name":"Portada","item":"https:\/\/www.corfusa.es\/"},{"@type":"ListItem","position":2,"name":"Reformas integrales"}]},{"@type":"WebSite","@id":"https:\/\/www.corfusa.es\/#website","url":"https:\/\/www.corfusa.es\/","name":"Corfusa Ingenier\u00eda y Obras","description":"","publisher":{"@id":"https:\/\/www.corfusa.es\/#organization"},"potentialAction":[{"@type":"SearchAction","target":{"@type":"EntryPoint","urlTemplate":"https:\/\/www.corfusa.es\/?s={search_term_string}"},"query-input":"required name=search_term_string"}],"inLanguage":"es"},{"@type":"Organization","@id":"https:\/\/www.corfusa.es\/#organization","name":"Corfusa Ingenier\u00eda y Obras","url":"https:\/\/www.corfusa.es\/","logo":{"@type":"ImageObject","inLanguage":"es","@id":"https:\/\/www.corfusa.es\/#\/schema\/logo\/image\/","url":"https:\/\/www.corfusa.es\/wp-content\/uploads\/2022\/04\/Captura.jpg","contentUrl":"https:\/\/www.corfusa.es\/wp-content\/uploads\/2022\/04\/Captura.jpg","width":647,"height":593,"caption":"Corfusa Ingenier\u00eda y Obras"},"image":{"@id":"https:\/\/www.corfusa.es\/#\/schema\/logo\/image\/"}}]}},"_links":{"self":[{"href":"https:\/\/www.corfusa.es\/index.php\/wp-json\/wp\/v2\/pages\/182"}],"collection":[{"href":"https:\/\/www.corfusa.es\/index.php\/wp-json\/wp\/v2\/pages"}],"about":[{"href":"https:\/\/www.corfusa.es\/index.php\/wp-json\/wp\/v2\/types\/page"}],"author":[{"embeddable":true,"href":"https:\/\/www.corfusa.es\/index.php\/wp-json\/wp\/v2\/users\/1"}],"replies":[{"embeddable":true,"href":"https:\/\/www.corfusa.es\/index.php\/wp-json\/wp\/v2\/comments?post=182"}],"version-history":[{"count":8,"href":"https:\/\/www.corfusa.es\/index.php\/wp-json\/wp\/v2\/pages\/182\/revisions"}],"predecessor-version":[{"id":286,"href":"https:\/\/www.corfusa.es\/index.php\/wp-json\/wp\/v2\/pages\/182\/revisions\/286"}],"wp:attachment":[{"href":"https:\/\/www.corfusa.es\/index.php\/wp-json\/wp\/v2\/media?parent=182"}],"curies":[{"name":"wp","href":"https:\/\/api.w.org\/{rel}","templated":true}]}}