{"id":10,"date":"2022-03-04T15:13:22","date_gmt":"2022-03-04T15:13:22","guid":{"rendered":"https:\/\/corfusa.es\/?page_id=10"},"modified":"2022-06-16T17:41:06","modified_gmt":"2022-06-16T17:41:06","slug":"llave-en-mano","status":"publish","type":"page","link":"https:\/\/www.corfusa.es\/index.php\/llave-en-mano\/","title":{"rendered":"Llave en mano"},"content":{"rendered":"\n<div class=\"wp-block-cover alignfull\" style=\"min-height:154px\"><span aria-hidden=\"true\" class=\"has-nv-site-bg-background-color has-background-dim-100 wp-block-cover__gradient-background has-background-dim\"><\/span><div class=\"wp-block-cover__inner-container\">\n<div class=\"wp-container-1 wp-block-group\"><div class=\"wp-block-group__inner-container\">\n<div class=\"wp-block-columns are-vertically-aligned-center\">\n<div class=\"wp-block-column is-vertically-aligned-center\" style=\"flex-basis:70%\">\n<h1 class=\"has-text-align-left has-neve-text-color-color has-text-color\">Llave en mano<\/h1>\n<\/div>\n\n\n\n<div class=\"wp-block-column is-vertically-aligned-center\" style=\"flex-basis:30%\"><\/div>\n<\/div>\n<\/div><\/div>\n<\/div><\/div>\n\n\n\n<div class=\"wp-block-cover alignfull\" style=\"min-height:600px\"><span aria-hidden=\"true\" class=\"has-nv-light-bg-background-color has-background-dim-100 wp-block-cover__gradient-background has-background-dim\"><\/span><div class=\"wp-block-cover__inner-container\">\n<div class=\"wp-container-2 wp-block-group\"><div class=\"wp-block-group__inner-container\">\n<div style=\"height:80px\" aria-hidden=\"true\" class=\"wp-block-spacer\"><\/div>\n\n\n\n<div class=\"wp-block-columns\">\n<div class=\"wp-block-column\" style=\"flex-basis:66.79%\">\n<div class=\"wp-block-image\"><figure class=\"aligncenter size-large is-resized\"><img loading=\"lazy\" src=\"https:\/\/www.corfusa.es\/wp-content\/uploads\/2022\/03\/pexels-yura-forrat-10161111-1024x683.jpg\" alt=\"\" class=\"wp-image-152\" width=\"503\" height=\"335\" srcset=\"https:\/\/www.corfusa.es\/wp-content\/uploads\/2022\/03\/pexels-yura-forrat-10161111-1024x683.jpg 1024w, https:\/\/www.corfusa.es\/wp-content\/uploads\/2022\/03\/pexels-yura-forrat-10161111-300x200.jpg 300w, https:\/\/www.corfusa.es\/wp-content\/uploads\/2022\/03\/pexels-yura-forrat-10161111-768x512.jpg 768w, https:\/\/www.corfusa.es\/wp-content\/uploads\/2022\/03\/pexels-yura-forrat-10161111-1536x1024.jpg 1536w, https:\/\/www.corfusa.es\/wp-content\/uploads\/2022\/03\/pexels-yura-forrat-10161111-2048x1365.jpg 2048w, https:\/\/www.corfusa.es\/wp-content\/uploads\/2022\/03\/pexels-yura-forrat-10161111-930x620.jpg 930w\" sizes=\"(max-width: 503px) 100vw, 503px\" \/><\/figure><\/div>\n\n\n\n<div style=\"height:40px\" aria-hidden=\"true\" class=\"wp-block-spacer\"><\/div>\n<\/div>\n\n\n\n<div class=\"wp-block-column\" style=\"flex-basis:34%\">\n<p class=\"has-neve-text-color-color has-text-color\">Somos especialistas en trabajos llave en mano, facilitando al cliente la obtenci\u00f3n de un producto final de calidad.<\/p>\n\n\n\n<p class=\"has-neve-text-color-color has-text-color\">Un proyecto llave en mano es un contrato donde nosotros nos encargamos de todo lo referente a la obra, desde el inicio hasta el final, sin tener el cliente ninguna preocupaci\u00f3n de gesti\u00f3n ni quebraderos de cabeza hasta la entrega de llaves.<\/p>\n\n\n\n<hr class=\"wp-block-separator is-style-wide\"\/>\n<\/div>\n<\/div>\n\n\n\n<div style=\"height:40px\" aria-hidden=\"true\" class=\"wp-block-spacer\"><\/div>\n<\/div><\/div>\n<\/div><\/div>\n\n\n\n<div class=\"wp-block-cover alignfull\" style=\"min-height:903px\"><span aria-hidden=\"true\" class=\"has-nv-dark-bg-background-color has-background-dim-100 wp-block-cover__gradient-background has-background-dim\"><\/span><div class=\"wp-block-cover__inner-container\">\n<h2 class=\"has-text-align-left has-nv-text-dark-bg-color has-text-color\">En que consiste&#8230;<\/h2>\n\n\n\n<div class=\"wp-block-columns\">\n<div class=\"wp-block-column\" style=\"flex-basis:100%\">\n<p>\u00b7 <strong><mark style=\"background-color:rgba(0, 0, 0, 0)\" class=\"has-inline-color has-nv-c-2-color\">PRECIO CERRADO.<\/mark><\/strong> Tras la firma del contrato el precio estar\u00e1 fijado, evitando as\u00ed gastos con los que no se contaba en un principio durante la ejecuci\u00f3n de las obras, sin sorpresas.<\/p>\n\n\n\n<p><\/p>\n\n\n\n<p>\u00b7 <strong><mark style=\"background-color:rgba(0, 0, 0, 0)\" class=\"has-inline-color has-nv-c-2-color\">PLAZOS CONCRETOS.<\/mark><\/strong> Con una planificaci\u00f3n detallada del avance de la obra y con el cumplimiento de hitos singulares con respecto al tiempo, el cliente siempre conocer\u00e1 en qu\u00e9 fase se encuentra la obra.<\/p>\n\n\n\n<p><\/p>\n\n\n\n<p>\u00b7 <strong><mark style=\"background-color:rgba(0, 0, 0, 0)\" class=\"has-inline-color has-nv-c-2-color\">COMUNICACI\u00d3N \u00daNICA.<\/mark><\/strong><mark style=\"background-color:rgba(0, 0, 0, 0)\" class=\"has-inline-color has-nv-c-2-color\"> <\/mark>Ante cualquier duda, el cliente solo tendr\u00e1 que comunicarse directamente con el responsable de la obra que tendr\u00e1 el control total de ella, y por lo tanto ser\u00e1 m\u00e1s sencillo resolver dudas, ahorrando tiempo y esfuerzo.<\/p>\n\n\n\n<p><\/p>\n\n\n\n<p>\u00b7 <strong><mark style=\"background-color:rgba(0, 0, 0, 0)\" class=\"has-inline-color has-nv-c-2-color\">AHORRO EN TIEMPO Y DINERO.<\/mark> <\/strong>El coordinador de la obra tendr\u00e1 conocimiento de todos los trabajos, evitando demoras, parones o ejecuciones err\u00f3neas de trabajos que pueden producirse en otras metodolog\u00edas de trabajo, por ello, la metodolog\u00eda llave en mano minimiza ese riesgo de tiempo y dinero para solventar las discrepancias que producen otras metodolog\u00edas.<\/p>\n\n\n\n<p><\/p>\n\n\n\n<p>\u00b7 <strong><mark style=\"background-color:rgba(0, 0, 0, 0)\" class=\"has-inline-color has-nv-c-2-color\">CALIDAD GARANTIZADA.<\/mark><\/strong>&nbsp;La calidad estar\u00e1 garantizada en todo momento, reduciendo los conflictos y problemas que puedan surgir durante y despu\u00e9s de la obra.<\/p>\n<\/div>\n<\/div>\n\n\n\n<div style=\"height:27px\" aria-hidden=\"true\" class=\"wp-block-spacer\"><\/div>\n\n\n\n<div class=\"wp-container-3 wp-block-buttons\">\n<div class=\"wp-block-button is-style-primary\"><a class=\"wp-block-button__link\" href=\"https:\/\/www.corfusa.es\/index.php\/contacto\/\">PIDA INFORMACI\u00d3N<\/a><\/div>\n<\/div>\n<\/div><\/div>\n","protected":false},"excerpt":{"rendered":"","protected":false},"author":1,"featured_media":0,"parent":0,"menu_order":0,"comment_status":"closed","ping_status":"closed","template":"","meta":{"neve_meta_sidebar":"","neve_meta_container":"","neve_meta_enable_content_width":"on","neve_meta_content_width":100,"neve_meta_title_alignment":"","neve_meta_author_avatar":"","neve_post_elements_order":"","neve_meta_disable_header":"","neve_meta_disable_footer":"","neve_meta_disable_title":"on"},"yoast_head":"<!-- This site is optimized with the Yoast SEO plugin v19.13 - https:\/\/yoast.com\/wordpress\/plugins\/seo\/ -->\n<title>Llave en mano - Corfusa Ingenier\u00eda y Obras<\/title>\n<meta name=\"robots\" content=\"index, follow, max-snippet:-1, max-image-preview:large, max-video-preview:-1\" \/>\n<link rel=\"canonical\" href=\"https:\/\/www.corfusa.es\/index.php\/llave-en-mano\/\" \/>\n<meta property=\"og:locale\" content=\"es_ES\" \/>\n<meta property=\"og:type\" content=\"article\" \/>\n<meta property=\"og:title\" content=\"Llave en mano - Corfusa Ingenier\u00eda y Obras\" \/>\n<meta property=\"og:url\" content=\"https:\/\/www.corfusa.es\/index.php\/llave-en-mano\/\" \/>\n<meta property=\"og:site_name\" content=\"Corfusa Ingenier\u00eda y Obras\" \/>\n<meta property=\"article:modified_time\" content=\"2022-06-16T17:41:06+00:00\" \/>\n<meta property=\"og:image\" content=\"https:\/\/www.corfusa.es\/wp-content\/uploads\/2022\/03\/pexels-yura-forrat-10161111-1024x683.jpg\" \/>\n<meta name=\"twitter:card\" content=\"summary_large_image\" \/>\n<meta name=\"twitter:label1\" content=\"Tiempo de lectura\" \/>\n\t<meta name=\"twitter:data1\" content=\"2 minutos\" \/>\n<script type=\"application\/ld+json\" class=\"yoast-schema-graph\">{\"@context\":\"https:\/\/schema.org\",\"@graph\":[{\"@type\":\"WebPage\",\"@id\":\"https:\/\/www.corfusa.es\/index.php\/llave-en-mano\/\",\"url\":\"https:\/\/www.corfusa.es\/index.php\/llave-en-mano\/\",\"name\":\"Llave en mano - Corfusa Ingenier\u00eda y Obras\",\"isPartOf\":{\"@id\":\"https:\/\/www.corfusa.es\/#website\"},\"datePublished\":\"2022-03-04T15:13:22+00:00\",\"dateModified\":\"2022-06-16T17:41:06+00:00\",\"breadcrumb\":{\"@id\":\"https:\/\/www.corfusa.es\/index.php\/llave-en-mano\/#breadcrumb\"},\"inLanguage\":\"es\",\"potentialAction\":[{\"@type\":\"ReadAction\",\"target\":[\"https:\/\/www.corfusa.es\/index.php\/llave-en-mano\/\"]}]},{\"@type\":\"BreadcrumbList\",\"@id\":\"https:\/\/www.corfusa.es\/index.php\/llave-en-mano\/#breadcrumb\",\"itemListElement\":[{\"@type\":\"ListItem\",\"position\":1,\"name\":\"Portada\",\"item\":\"https:\/\/www.corfusa.es\/\"},{\"@type\":\"ListItem\",\"position\":2,\"name\":\"Llave en mano\"}]},{\"@type\":\"WebSite\",\"@id\":\"https:\/\/www.corfusa.es\/#website\",\"url\":\"https:\/\/www.corfusa.es\/\",\"name\":\"Corfusa Ingenier\u00eda y Obras\",\"description\":\"\",\"publisher\":{\"@id\":\"https:\/\/www.corfusa.es\/#organization\"},\"potentialAction\":[{\"@type\":\"SearchAction\",\"target\":{\"@type\":\"EntryPoint\",\"urlTemplate\":\"https:\/\/www.corfusa.es\/?s={search_term_string}\"},\"query-input\":\"required name=search_term_string\"}],\"inLanguage\":\"es\"},{\"@type\":\"Organization\",\"@id\":\"https:\/\/www.corfusa.es\/#organization\",\"name\":\"Corfusa Ingenier\u00eda y Obras\",\"url\":\"https:\/\/www.corfusa.es\/\",\"logo\":{\"@type\":\"ImageObject\",\"inLanguage\":\"es\",\"@id\":\"https:\/\/www.corfusa.es\/#\/schema\/logo\/image\/\",\"url\":\"https:\/\/www.corfusa.es\/wp-content\/uploads\/2022\/04\/Captura.jpg\",\"contentUrl\":\"https:\/\/www.corfusa.es\/wp-content\/uploads\/2022\/04\/Captura.jpg\",\"width\":647,\"height\":593,\"caption\":\"Corfusa Ingenier\u00eda y Obras\"},\"image\":{\"@id\":\"https:\/\/www.corfusa.es\/#\/schema\/logo\/image\/\"}}]}<\/script>\n<!-- \/ Yoast SEO plugin. -->","yoast_head_json":{"title":"Llave en mano - Corfusa Ingenier\u00eda y Obras","robots":{"index":"index","follow":"follow","max-snippet":"max-snippet:-1","max-image-preview":"max-image-preview:large","max-video-preview":"max-video-preview:-1"},"canonical":"https:\/\/www.corfusa.es\/index.php\/llave-en-mano\/","og_locale":"es_ES","og_type":"article","og_title":"Llave en mano - Corfusa Ingenier\u00eda y Obras","og_url":"https:\/\/www.corfusa.es\/index.php\/llave-en-mano\/","og_site_name":"Corfusa Ingenier\u00eda y Obras","article_modified_time":"2022-06-16T17:41:06+00:00","og_image":[{"url":"https:\/\/www.corfusa.es\/wp-content\/uploads\/2022\/03\/pexels-yura-forrat-10161111-1024x683.jpg"}],"twitter_card":"summary_large_image","twitter_misc":{"Tiempo de lectura":"2 minutos"},"schema":{"@context":"https:\/\/schema.org","@graph":[{"@type":"WebPage","@id":"https:\/\/www.corfusa.es\/index.php\/llave-en-mano\/","url":"https:\/\/www.corfusa.es\/index.php\/llave-en-mano\/","name":"Llave en mano - Corfusa Ingenier\u00eda y Obras","isPartOf":{"@id":"https:\/\/www.corfusa.es\/#website"},"datePublished":"2022-03-04T15:13:22+00:00","dateModified":"2022-06-16T17:41:06+00:00","breadcrumb":{"@id":"https:\/\/www.corfusa.es\/index.php\/llave-en-mano\/#breadcrumb"},"inLanguage":"es","potentialAction":[{"@type":"ReadAction","target":["https:\/\/www.corfusa.es\/index.php\/llave-en-mano\/"]}]},{"@type":"BreadcrumbList","@id":"https:\/\/www.corfusa.es\/index.php\/llave-en-mano\/#breadcrumb","itemListElement":[{"@type":"ListItem","position":1,"name":"Portada","item":"https:\/\/www.corfusa.es\/"},{"@type":"ListItem","position":2,"name":"Llave en mano"}]},{"@type":"WebSite","@id":"https:\/\/www.corfusa.es\/#website","url":"https:\/\/www.corfusa.es\/","name":"Corfusa Ingenier\u00eda y Obras","description":"","publisher":{"@id":"https:\/\/www.corfusa.es\/#organization"},"potentialAction":[{"@type":"SearchAction","target":{"@type":"EntryPoint","urlTemplate":"https:\/\/www.corfusa.es\/?s={search_term_string}"},"query-input":"required name=search_term_string"}],"inLanguage":"es"},{"@type":"Organization","@id":"https:\/\/www.corfusa.es\/#organization","name":"Corfusa Ingenier\u00eda y Obras","url":"https:\/\/www.corfusa.es\/","logo":{"@type":"ImageObject","inLanguage":"es","@id":"https:\/\/www.corfusa.es\/#\/schema\/logo\/image\/","url":"https:\/\/www.corfusa.es\/wp-content\/uploads\/2022\/04\/Captura.jpg","contentUrl":"https:\/\/www.corfusa.es\/wp-content\/uploads\/2022\/04\/Captura.jpg","width":647,"height":593,"caption":"Corfusa Ingenier\u00eda y Obras"},"image":{"@id":"https:\/\/www.corfusa.es\/#\/schema\/logo\/image\/"}}]}},"_links":{"self":[{"href":"https:\/\/www.corfusa.es\/index.php\/wp-json\/wp\/v2\/pages\/10"}],"collection":[{"href":"https:\/\/www.corfusa.es\/index.php\/wp-json\/wp\/v2\/pages"}],"about":[{"href":"https:\/\/www.corfusa.es\/index.php\/wp-json\/wp\/v2\/types\/page"}],"author":[{"embeddable":true,"href":"https:\/\/www.corfusa.es\/index.php\/wp-json\/wp\/v2\/users\/1"}],"replies":[{"embeddable":true,"href":"https:\/\/www.corfusa.es\/index.php\/wp-json\/wp\/v2\/comments?post=10"}],"version-history":[{"count":24,"href":"https:\/\/www.corfusa.es\/index.php\/wp-json\/wp\/v2\/pages\/10\/revisions"}],"predecessor-version":[{"id":335,"href":"https:\/\/www.corfusa.es\/index.php\/wp-json\/wp\/v2\/pages\/10\/revisions\/335"}],"wp:attachment":[{"href":"https:\/\/www.corfusa.es\/index.php\/wp-json\/wp\/v2\/media?parent=10"}],"curies":[{"name":"wp","href":"https:\/\/api.w.org\/{rel}","templated":true}]}}